{"id":1824,"date":"2024-04-02T09:34:38","date_gmt":"2024-04-02T09:34:38","guid":{"rendered":"https:\/\/remind-project.eu\/?page_id=1824"},"modified":"2024-04-02T09:35:19","modified_gmt":"2024-04-02T09:35:19","slug":"come-formare-le-soft-skills-ispiratevi-ai-metodi-educativi-piu-diffusi-e-allapproccio-dellintelligenza-collettiva","status":"publish","type":"page","link":"https:\/\/remind-project.eu\/index.php\/it\/come-formare-le-soft-skills-ispiratevi-ai-metodi-educativi-piu-diffusi-e-allapproccio-dellintelligenza-collettiva\/","title":{"rendered":"COME FORMARE LE SOFT SKILLS? ISPIRATEVI AI METODI EDUCATIVI PI\u00d9 DIFFUSI E ALL&#8217;APPROCCIO DELL&#8217;INTELLIGENZA COLLETTIVA!"},"content":{"rendered":"\t\t<div data-elementor-type=\"wp-page\" data-elementor-id=\"1824\" class=\"elementor elementor-1824\">\n\t\t\t\t\t\t<section class=\"elementor-section elementor-top-section elementor-element elementor-element-9192c3a elementor-section-boxed elementor-section-height-default elementor-section-height-default\" data-id=\"9192c3a\" data-element_type=\"section\" data-e-type=\"section\" data-settings=\"{&quot;background_background&quot;:&quot;classic&quot;,&quot;shape_divider_bottom&quot;:&quot;mountains&quot;}\">\n\t\t\t\t\t\t\t<div class=\"elementor-background-overlay\"><\/div>\n\t\t\t\t\t\t<div class=\"elementor-shape elementor-shape-bottom\" aria-hidden=\"true\" data-negative=\"false\">\n\t\t\t<svg xmlns=\"http:\/\/www.w3.org\/2000\/svg\" viewBox=\"0 0 1000 100\" preserveAspectRatio=\"none\">\n\t<path class=\"elementor-shape-fill\" opacity=\"0.33\" d=\"M473,67.3c-203.9,88.3-263.1-34-320.3,0C66,119.1,0,59.7,0,59.7V0h1000v59.7 c0,0-62.1,26.1-94.9,29.3c-32.8,3.3-62.8-12.3-75.8-22.1C806,49.6,745.3,8.7,694.9,4.7S492.4,59,473,67.3z\"\/>\n\t<path class=\"elementor-shape-fill\" opacity=\"0.66\" d=\"M734,67.3c-45.5,0-77.2-23.2-129.1-39.1c-28.6-8.7-150.3-10.1-254,39.1 s-91.7-34.4-149.2,0C115.7,118.3,0,39.8,0,39.8V0h1000v36.5c0,0-28.2-18.5-92.1-18.5C810.2,18.1,775.7,67.3,734,67.3z\"\/>\n\t<path class=\"elementor-shape-fill\" d=\"M766.1,28.9c-200-57.5-266,65.5-395.1,19.5C242,1.8,242,5.4,184.8,20.6C128,35.8,132.3,44.9,89.9,52.5C28.6,63.7,0,0,0,0 h1000c0,0-9.9,40.9-83.6,48.1S829.6,47,766.1,28.9z\"\/>\n<\/svg>\t\t<\/div>\n\t\t\t\t\t<div class=\"elementor-container elementor-column-gap-default\">\n\t\t\t\t\t<div class=\"elementor-column elementor-col-100 elementor-top-column elementor-element elementor-element-11a9b08\" data-id=\"11a9b08\" data-element_type=\"column\" data-e-type=\"column\">\n\t\t\t<div class=\"elementor-widget-wrap elementor-element-populated\">\n\t\t\t\t\t\t<div class=\"elementor-element elementor-element-3a3ed37 elementor-widget__width-initial elementor-widget elementor-widget-spacer\" data-id=\"3a3ed37\" data-element_type=\"widget\" data-e-type=\"widget\" data-widget_type=\"spacer.default\">\n\t\t\t\t<div class=\"elementor-widget-container\">\n\t\t\t\t\t\t\t<div class=\"elementor-spacer\">\n\t\t\t<div class=\"elementor-spacer-inner\"><\/div>\n\t\t<\/div>\n\t\t\t\t\t\t<\/div>\n\t\t\t\t<\/div>\n\t\t\t\t<div class=\"elementor-element elementor-element-1e8bb06 elementor-widget elementor-widget-heading\" data-id=\"1e8bb06\" data-element_type=\"widget\" data-e-type=\"widget\" data-widget_type=\"heading.default\">\n\t\t\t\t<div class=\"elementor-widget-container\">\n\t\t\t\t\t<h2 class=\"elementor-heading-title elementor-size-default\">COME FORMARE LE SOFT SKILLS? ISPIRATEVI AI METODI EDUCATIVI PI\u00d9 DIFFUSI E ALL'APPROCCIO DELL'INTELLIGENZA COLLETTIVA!\n<\/h2>\t\t\t\t<\/div>\n\t\t\t\t<\/div>\n\t\t\t\t<div class=\"elementor-element elementor-element-ed7bb19 elementor-widget elementor-widget-spacer\" data-id=\"ed7bb19\" data-element_type=\"widget\" data-e-type=\"widget\" data-widget_type=\"spacer.default\">\n\t\t\t\t<div class=\"elementor-widget-container\">\n\t\t\t\t\t\t\t<div class=\"elementor-spacer\">\n\t\t\t<div class=\"elementor-spacer-inner\"><\/div>\n\t\t<\/div>\n\t\t\t\t\t\t<\/div>\n\t\t\t\t<\/div>\n\t\t\t\t\t<\/div>\n\t\t<\/div>\n\t\t\t\t\t<\/div>\n\t\t<\/section>\n\t\t\t\t<section class=\"elementor-section elementor-top-section elementor-element elementor-element-d3f001a elementor-section-boxed elementor-section-height-default elementor-section-height-default\" data-id=\"d3f001a\" data-element_type=\"section\" data-e-type=\"section\">\n\t\t\t\t\t\t<div class=\"elementor-container elementor-column-gap-default\">\n\t\t\t\t\t<div class=\"elementor-column elementor-col-100 elementor-top-column elementor-element elementor-element-a32a573\" data-id=\"a32a573\" data-element_type=\"column\" data-e-type=\"column\">\n\t\t\t<div class=\"elementor-widget-wrap elementor-element-populated\">\n\t\t\t\t\t\t<div class=\"elementor-element elementor-element-b2bcab8 elementor-widget elementor-widget-spacer\" data-id=\"b2bcab8\" data-element_type=\"widget\" data-e-type=\"widget\" data-widget_type=\"spacer.default\">\n\t\t\t\t<div class=\"elementor-widget-container\">\n\t\t\t\t\t\t\t<div class=\"elementor-spacer\">\n\t\t\t<div class=\"elementor-spacer-inner\"><\/div>\n\t\t<\/div>\n\t\t\t\t\t\t<\/div>\n\t\t\t\t<\/div>\n\t\t\t\t<section class=\"elementor-section elementor-inner-section elementor-element elementor-element-c81efdb elementor-section-boxed elementor-section-height-default elementor-section-height-default\" data-id=\"c81efdb\" data-element_type=\"section\" data-e-type=\"section\">\n\t\t\t\t\t\t<div class=\"elementor-container elementor-column-gap-default\">\n\t\t\t\t\t<div class=\"elementor-column elementor-col-50 elementor-inner-column elementor-element elementor-element-ca906d6\" data-id=\"ca906d6\" data-element_type=\"column\" data-e-type=\"column\">\n\t\t\t<div class=\"elementor-widget-wrap elementor-element-populated\">\n\t\t\t\t\t\t<div class=\"elementor-element elementor-element-3cd73a7 elementor-widget__width-initial elementor-widget elementor-widget-text-editor\" data-id=\"3cd73a7\" data-element_type=\"widget\" data-e-type=\"widget\" data-widget_type=\"text-editor.default\">\n\t\t\t\t<div class=\"elementor-widget-container\">\n\t\t\t\t\t\t\t\t\t<p><\/p><p><span style=\"font-weight: 400;\">Le soft skill riuniscono un insieme di comportamenti, attitudini, atteggiamenti e stati d&#8217;animo. La formazione di queste soft skill non pu\u00f2 prevedere approcci pedagogici tradizionali: non si tratta di capitalizzare le conoscenze o di formare competenze tecniche. Deve incoraggiare un cambiamento sociale e comportamentale, a livello individuale e soprattutto collettivo. <\/span><\/p><p><\/p>\t\t\t\t\t\t\t\t<\/div>\n\t\t\t\t<\/div>\n\t\t\t\t\t<\/div>\n\t\t<\/div>\n\t\t\t\t<div class=\"elementor-column elementor-col-50 elementor-inner-column elementor-element elementor-element-b077ea8\" data-id=\"b077ea8\" data-element_type=\"column\" data-e-type=\"column\">\n\t\t\t<div class=\"elementor-widget-wrap elementor-element-populated\">\n\t\t\t\t\t\t<div class=\"elementor-element elementor-element-41b7259 elementor-widget elementor-widget-image\" data-id=\"41b7259\" data-element_type=\"widget\" data-e-type=\"widget\" data-widget_type=\"image.default\">\n\t\t\t\t<div class=\"elementor-widget-container\">\n\t\t\t\t\t\t\t\t\t\t\t\t\t\t\t<img fetchpriority=\"high\" decoding=\"async\" width=\"1024\" height=\"576\" src=\"https:\/\/remind-project.eu\/wp-content\/uploads\/2024\/04\/person-using-laptop-using-artificial-intelligence-generate-images-1024x576.png\" class=\"attachment-large size-large wp-image-1784\" alt=\"\" srcset=\"https:\/\/remind-project.eu\/wp-content\/uploads\/2024\/04\/person-using-laptop-using-artificial-intelligence-generate-images-1024x576.png 1024w, https:\/\/remind-project.eu\/wp-content\/uploads\/2024\/04\/person-using-laptop-using-artificial-intelligence-generate-images-300x169.png 300w, https:\/\/remind-project.eu\/wp-content\/uploads\/2024\/04\/person-using-laptop-using-artificial-intelligence-generate-images-768x432.png 768w, https:\/\/remind-project.eu\/wp-content\/uploads\/2024\/04\/person-using-laptop-using-artificial-intelligence-generate-images-1536x864.png 1536w, https:\/\/remind-project.eu\/wp-content\/uploads\/2024\/04\/person-using-laptop-using-artificial-intelligence-generate-images-2048x1152.png 2048w, https:\/\/remind-project.eu\/wp-content\/uploads\/2024\/04\/person-using-laptop-using-artificial-intelligence-generate-images-720x405.png 720w\" sizes=\"(max-width: 1024px) 100vw, 1024px\" \/>\t\t\t\t\t\t\t\t\t\t\t\t\t\t\t<\/div>\n\t\t\t\t<\/div>\n\t\t\t\t\t<\/div>\n\t\t<\/div>\n\t\t\t\t\t<\/div>\n\t\t<\/section>\n\t\t\t\t<div class=\"elementor-element elementor-element-411b1f6 elementor-widget elementor-widget-text-editor\" data-id=\"411b1f6\" data-element_type=\"widget\" data-e-type=\"widget\" data-widget_type=\"text-editor.default\">\n\t\t\t\t<div class=\"elementor-widget-container\">\n\t\t\t\t\t\t\t\t\t<p><\/p><p><span style=\"font-weight: 400;\">Per questo, proponiamo un approccio pedagogico partecipativo e interattivo, ispirato ai metodi dell&#8217;educazione popolare e dell&#8217;intelligenza collettiva. Questo dovrebbe permettere di liberare la creativit\u00e0, promuovere la fiducia in se stessi, incoraggiare l&#8217;interazione e la cooperazione tra le persone, o scambiare e condividere valori per sviluppare l&#8217;empatia, l&#8217;apertura mentale e incoraggiare l&#8217;emergere di una visione individuale e collettiva.\u00a0<\/span><\/p><p>\u00a0<\/p><p><span style=\"font-weight: 400;\">L&#8217;educazione popolare \u00e8 una pratica che mira a diffondere e condividere le conoscenze, nonch\u00e9 a sviluppare le capacit\u00e0 degli individui di vivere nella societ\u00e0. \u00c8 un processo di apprendimento collettivo e partecipativo che mira a trasformare le relazioni con la conoscenza, gli altri e la societ\u00e0. Dovrebbe contribuire all&#8217;emancipazione individuale e all&#8217;empowerment collettivo.<\/span><\/p><p><span style=\"font-weight: 400;\">L&#8217;approccio dell&#8217;intelligenza collettiva \u00e8 una pratica di gestione organizzativa. Postula che se un gruppo di individui, legati da un progetto comune, condivide conoscenze, competenze ed esperienze, migliorer\u00e0 le prestazioni complessive di un team, di un&#8217;azienda o di una comunit\u00e0.<\/span><\/p><p><span style=\"font-weight: 400;\">L&#8217;approccio dell&#8217;intelligenza collettiva \u00e8 una pratica di gestione organizzativa. Postula che se un gruppo di individui, legati da un progetto comune, condivide conoscenze, competenze ed esperienze, migliorer\u00e0 le prestazioni complessive di un team, di un&#8217;azienda o di una comunit\u00e0. Si basa sulla gestione orizzontale e sulla cooperazione.\u00a0<\/span><\/p><p><span style=\"font-weight: 400;\">\u00c8 cos\u00ec che abbiamo progettato il nostro quaderno di formazione digitale, che riunisce una serie di giochi, attivit\u00e0 e laboratori per sviluppare le principali soft skills previste dal progetto RE.MIND. Gli strumenti sono classificati in diverse categorie di livello (elementare, intermedio o avanzato), in modo da poter essere implementati sia come parte di un esperimento una tantum che come parte di un&#8217;attivit\u00e0 pi\u00f9 approfondita.\u00a0<\/span><\/p><p>\u00a0<\/p><p><span style=\"font-weight: 400;\">Per ogni strumento, avrete a disposizione una scheda pedagogica completa, che raccoglie tutti gli elementi di cui avrete bisogno come insegnanti o manager per testare lo strumento nella vostra classe o impresa!<\/span><\/p><p><\/p>\t\t\t\t\t\t\t\t<\/div>\n\t\t\t\t<\/div>\n\t\t\t\t\t<\/div>\n\t\t<\/div>\n\t\t\t\t\t<\/div>\n\t\t<\/section>\n\t\t\t\t<section class=\"elementor-section elementor-top-section elementor-element elementor-element-cc196ca elementor-section-boxed elementor-section-height-default elementor-section-height-default\" data-id=\"cc196ca\" data-element_type=\"section\" data-e-type=\"section\">\n\t\t\t\t\t\t<div class=\"elementor-container elementor-column-gap-default\">\n\t\t\t\t\t<div class=\"elementor-column elementor-col-33 elementor-top-column elementor-element elementor-element-25ddf86\" data-id=\"25ddf86\" data-element_type=\"column\" data-e-type=\"column\">\n\t\t\t<div class=\"elementor-widget-wrap elementor-element-populated\">\n\t\t\t\t\t\t<div class=\"elementor-element elementor-element-ec7cb60 elementor-widget elementor-widget-spacer\" data-id=\"ec7cb60\" data-element_type=\"widget\" data-e-type=\"widget\" data-widget_type=\"spacer.default\">\n\t\t\t\t<div class=\"elementor-widget-container\">\n\t\t\t\t\t\t\t<div class=\"elementor-spacer\">\n\t\t\t<div class=\"elementor-spacer-inner\"><\/div>\n\t\t<\/div>\n\t\t\t\t\t\t<\/div>\n\t\t\t\t<\/div>\n\t\t\t\t<div class=\"elementor-element elementor-element-319d39f elementor-widget elementor-widget-image\" data-id=\"319d39f\" data-element_type=\"widget\" data-e-type=\"widget\" data-widget_type=\"image.default\">\n\t\t\t\t<div class=\"elementor-widget-container\">\n\t\t\t\t\t\t\t\t\t\t\t\t\t\t\t<img decoding=\"async\" width=\"300\" height=\"67\" src=\"https:\/\/remind-project.eu\/wp-content\/uploads\/2022\/01\/era-300x67-1.png\" class=\"attachment-large size-large wp-image-120\" alt=\"\" \/>\t\t\t\t\t\t\t\t\t\t\t\t\t\t\t<\/div>\n\t\t\t\t<\/div>\n\t\t\t\t<div class=\"elementor-element elementor-element-6c6c6e6 elementor-widget elementor-widget-text-editor\" data-id=\"6c6c6e6\" data-element_type=\"widget\" data-e-type=\"widget\" data-widget_type=\"text-editor.default\">\n\t\t\t\t<div class=\"elementor-widget-container\">\n\t\t\t\t\t\t\t\t\t<p>Finanziato dall&#8217;Unione europea. Le opinioni espresse appartengono, tuttavia, al solo o ai soli autori e non riflettono necessariamente le opinioni dell&#8217;Unione europea o dell\u2019Agenzia esecutiva europea per l\u2019istruzione e la cultura (EACEA). N\u00e9 l&#8217;Unione europea n\u00e9 l&#8217;EACEA possono esserne ritenute responsabili. 2021-1-NO01-KA220-VET-000033203<\/p>\t\t\t\t\t\t\t\t<\/div>\n\t\t\t\t<\/div>\n\t\t\t\t\t<\/div>\n\t\t<\/div>\n\t\t\t\t<div class=\"elementor-column elementor-col-33 elementor-top-column elementor-element elementor-element-e04d0e9\" data-id=\"e04d0e9\" data-element_type=\"column\" data-e-type=\"column\">\n\t\t\t<div class=\"elementor-widget-wrap\">\n\t\t\t\t\t\t\t<\/div>\n\t\t<\/div>\n\t\t\t\t<div class=\"elementor-column elementor-col-33 elementor-top-column elementor-element elementor-element-814a37f\" data-id=\"814a37f\" data-element_type=\"column\" data-e-type=\"column\">\n\t\t\t<div class=\"elementor-widget-wrap elementor-element-populated\">\n\t\t\t\t\t\t<div class=\"elementor-element elementor-element-cd02595 elementor-widget elementor-widget-spacer\" data-id=\"cd02595\" data-element_type=\"widget\" data-e-type=\"widget\" data-widget_type=\"spacer.default\">\n\t\t\t\t<div class=\"elementor-widget-container\">\n\t\t\t\t\t\t\t<div class=\"elementor-spacer\">\n\t\t\t<div class=\"elementor-spacer-inner\"><\/div>\n\t\t<\/div>\n\t\t\t\t\t\t<\/div>\n\t\t\t\t<\/div>\n\t\t\t\t<div class=\"elementor-element elementor-element-9c3efba elementor-widget elementor-widget-image\" data-id=\"9c3efba\" data-element_type=\"widget\" data-e-type=\"widget\" data-widget_type=\"image.default\">\n\t\t\t\t<div class=\"elementor-widget-container\">\n\t\t\t\t\t\t\t\t\t\t\t\t\t\t\t\t<a href=\"http:\/\/remind-project.eu\/\">\n\t\t\t\t\t\t\t<img decoding=\"async\" width=\"101\" height=\"101\" src=\"https:\/\/remind-project.eu\/wp-content\/uploads\/2022\/01\/xxxxsmall.png\" class=\"attachment-thumbnail size-thumbnail wp-image-11\" alt=\"\" \/>\t\t\t\t\t\t\t\t<\/a>\n\t\t\t\t\t\t\t\t\t\t\t\t\t\t\t<\/div>\n\t\t\t\t<\/div>\n\t\t\t\t<div class=\"elementor-element elementor-element-3a98e6d elementor-widget elementor-widget-text-editor\" data-id=\"3a98e6d\" data-element_type=\"widget\" data-e-type=\"widget\" data-widget_type=\"text-editor.default\">\n\t\t\t\t<div class=\"elementor-widget-container\">\n\t\t\t\t\t\t\t\t\t<a style=\"color: #073b4c;\" href=\"http:\/\/remind-project.eu\/index.php\/terms-of-use\/\" target=\"_blank\" rel=\"noopener\">Terms of Use<\/a>\t\t\t\t\t\t\t\t<\/div>\n\t\t\t\t<\/div>\n\t\t\t\t<div class=\"elementor-element elementor-element-58ce07f elementor-shape-circle e-grid-align-right elementor-grid-0 elementor-widget elementor-widget-social-icons\" data-id=\"58ce07f\" data-element_type=\"widget\" data-e-type=\"widget\" data-widget_type=\"social-icons.default\">\n\t\t\t\t<div class=\"elementor-widget-container\">\n\t\t\t\t\t\t\t<div class=\"elementor-social-icons-wrapper elementor-grid\" role=\"list\">\n\t\t\t\t\t\t\t<span class=\"elementor-grid-item\" role=\"listitem\">\n\t\t\t\t\t<a class=\"elementor-icon elementor-social-icon elementor-social-icon-instagram elementor-animation-grow elementor-repeater-item-3985a65\" href=\"https:\/\/www.instagram.com\/remind.project22\/\" target=\"_blank\">\n\t\t\t\t\t\t<span class=\"elementor-screen-only\">Instagram<\/span>\n\t\t\t\t\t\t<i aria-hidden=\"true\" class=\"fab fa-instagram\"><\/i>\t\t\t\t\t<\/a>\n\t\t\t\t<\/span>\n\t\t\t\t\t\t\t<span class=\"elementor-grid-item\" role=\"listitem\">\n\t\t\t\t\t<a class=\"elementor-icon elementor-social-icon elementor-social-icon-facebook elementor-animation-grow elementor-repeater-item-e5ffdf7\" href=\"https:\/\/www.facebook.com\/r.e.mind.eu\/\" target=\"_blank\">\n\t\t\t\t\t\t<span class=\"elementor-screen-only\">Facebook<\/span>\n\t\t\t\t\t\t<i aria-hidden=\"true\" class=\"fab fa-facebook\"><\/i>\t\t\t\t\t<\/a>\n\t\t\t\t<\/span>\n\t\t\t\t\t\t\t<span class=\"elementor-grid-item\" role=\"listitem\">\n\t\t\t\t\t<a class=\"elementor-icon elementor-social-icon elementor-social-icon-linkedin-in elementor-animation-grow elementor-repeater-item-bf98e96\" href=\"https:\/\/www.linkedin.com\/showcase\/82002459\/admin\/\" target=\"_blank\">\n\t\t\t\t\t\t<span class=\"elementor-screen-only\">Linkedin-in<\/span>\n\t\t\t\t\t\t<i aria-hidden=\"true\" class=\"fab fa-linkedin-in\"><\/i>\t\t\t\t\t<\/a>\n\t\t\t\t<\/span>\n\t\t\t\t\t<\/div>\n\t\t\t\t\t\t<\/div>\n\t\t\t\t<\/div>\n\t\t\t\t\t<\/div>\n\t\t<\/div>\n\t\t\t\t\t<\/div>\n\t\t<\/section>\n\t\t\t\t<section class=\"elementor-section elementor-top-section elementor-element elementor-element-342de0a elementor-section-boxed elementor-section-height-default elementor-section-height-default\" data-id=\"342de0a\" data-element_type=\"section\" data-e-type=\"section\">\n\t\t\t\t\t\t<div class=\"elementor-container elementor-column-gap-default\">\n\t\t\t\t\t<div class=\"elementor-column elementor-col-100 elementor-top-column elementor-element elementor-element-54ab7a7\" data-id=\"54ab7a7\" data-element_type=\"column\" data-e-type=\"column\">\n\t\t\t<div class=\"elementor-widget-wrap elementor-element-populated\">\n\t\t\t\t\t\t<div class=\"elementor-element elementor-element-2a59529 elementor-widget-divider--view-line elementor-widget elementor-widget-divider\" data-id=\"2a59529\" data-element_type=\"widget\" data-e-type=\"widget\" data-widget_type=\"divider.default\">\n\t\t\t\t<div class=\"elementor-widget-container\">\n\t\t\t\t\t\t\t<div class=\"elementor-divider\">\n\t\t\t<span class=\"elementor-divider-separator\">\n\t\t\t\t\t\t<\/span>\n\t\t<\/div>\n\t\t\t\t\t\t<\/div>\n\t\t\t\t<\/div>\n\t\t\t\t\t<\/div>\n\t\t<\/div>\n\t\t\t\t\t<\/div>\n\t\t<\/section>\n\t\t\t\t<section class=\"elementor-section elementor-top-section elementor-element elementor-element-a585f9b elementor-section-boxed elementor-section-height-default elementor-section-height-default\" data-id=\"a585f9b\" data-element_type=\"section\" data-e-type=\"section\">\n\t\t\t\t\t\t<div class=\"elementor-container elementor-column-gap-default\">\n\t\t\t\t\t<div class=\"elementor-column elementor-col-33 elementor-top-column elementor-element elementor-element-6a1c433\" data-id=\"6a1c433\" data-element_type=\"column\" data-e-type=\"column\">\n\t\t\t<div class=\"elementor-widget-wrap elementor-element-populated\">\n\t\t\t\t\t\t<div class=\"elementor-element elementor-element-b21396f elementor-widget elementor-widget-text-editor\" data-id=\"b21396f\" data-element_type=\"widget\" data-e-type=\"widget\" data-widget_type=\"text-editor.default\">\n\t\t\t\t<div class=\"elementor-widget-container\">\n\t\t\t\t\t\t\t\t\t<span style=\"color: #000; font-family: Poppins, sans-serif; font-size: 15px;\">Copyright \u00a9 2022 RE.Mind. All Rights Reserved<\/span>\t\t\t\t\t\t\t\t<\/div>\n\t\t\t\t<\/div>\n\t\t\t\t\t<\/div>\n\t\t<\/div>\n\t\t\t\t<div class=\"elementor-column elementor-col-33 elementor-top-column elementor-element elementor-element-627db37\" data-id=\"627db37\" data-element_type=\"column\" data-e-type=\"column\">\n\t\t\t<div class=\"elementor-widget-wrap\">\n\t\t\t\t\t\t\t<\/div>\n\t\t<\/div>\n\t\t\t\t<div class=\"elementor-column elementor-col-33 elementor-top-column elementor-element elementor-element-a0b292e\" data-id=\"a0b292e\" data-element_type=\"column\" data-e-type=\"column\">\n\t\t\t<div class=\"elementor-widget-wrap elementor-element-populated\">\n\t\t\t\t\t\t<div class=\"elementor-element elementor-element-ee84392 elementor-widget elementor-widget-text-editor\" data-id=\"ee84392\" data-element_type=\"widget\" data-e-type=\"widget\" data-widget_type=\"text-editor.default\">\n\t\t\t\t<div class=\"elementor-widget-container\">\n\t\t\t\t\t\t\t\t\t<span style=\"color: #000; font-family: Poppins, sans-serif; font-size: 15px; text-align: right;\">Powered by\u00a0<\/span><a style=\"color: #000; background-color: #ffffff; font-family: Poppins, sans-serif; font-size: 15px; text-align: right;\" href=\"https:\/\/innovationhive.eu\/\" target=\"_blank\" rel=\"noopener\">Innovation Hive<\/a>\t\t\t\t\t\t\t\t<\/div>\n\t\t\t\t<\/div>\n\t\t\t\t\t<\/div>\n\t\t<\/div>\n\t\t\t\t\t<\/div>\n\t\t<\/section>\n\t\t\t\t<\/div>\n\t\t","protected":false},"excerpt":{"rendered":"<p>COME FORMARE LE SOFT SKILLS? ISPIRATEVI AI METODI EDUCATIVI PI\u00d9 DIFFUSI E ALL&#8217;APPROCCIO DELL&#8217;INTELLIGENZA COLLETTIVA! Le soft skill riuniscono un [&hellip;]<\/p>\n","protected":false},"author":1,"featured_media":0,"parent":0,"menu_order":0,"comment_status":"closed","ping_status":"closed","template":"page-templates\/template_page-builder.php","meta":{"_monsterinsights_skip_tracking":false,"_monsterinsights_sitenote_active":false,"_monsterinsights_sitenote_note":"","_monsterinsights_sitenote_category":0,"_uf_show_specific_survey":0,"_uf_disable_surveys":false,"footnotes":""},"class_list":["post-1824","page","type-page","status-publish","hentry"],"aioseo_notices":[],"_links":{"self":[{"href":"https:\/\/remind-project.eu\/index.php\/wp-json\/wp\/v2\/pages\/1824","targetHints":{"allow":["GET"]}}],"collection":[{"href":"https:\/\/remind-project.eu\/index.php\/wp-json\/wp\/v2\/pages"}],"about":[{"href":"https:\/\/remind-project.eu\/index.php\/wp-json\/wp\/v2\/types\/page"}],"author":[{"embeddable":true,"href":"https:\/\/remind-project.eu\/index.php\/wp-json\/wp\/v2\/users\/1"}],"replies":[{"embeddable":true,"href":"https:\/\/remind-project.eu\/index.php\/wp-json\/wp\/v2\/comments?post=1824"}],"version-history":[{"count":4,"href":"https:\/\/remind-project.eu\/index.php\/wp-json\/wp\/v2\/pages\/1824\/revisions"}],"predecessor-version":[{"id":1828,"href":"https:\/\/remind-project.eu\/index.php\/wp-json\/wp\/v2\/pages\/1824\/revisions\/1828"}],"wp:attachment":[{"href":"https:\/\/remind-project.eu\/index.php\/wp-json\/wp\/v2\/media?parent=1824"}],"curies":[{"name":"wp","href":"https:\/\/api.w.org\/{rel}","templated":true}]}}