{"id":1833,"date":"2024-04-02T09:36:20","date_gmt":"2024-04-02T09:36:20","guid":{"rendered":"https:\/\/remind-project.eu\/?page_id=1833"},"modified":"2024-04-02T09:37:32","modified_gmt":"2024-04-02T09:37:32","slug":"comment-entrainer-ses-soft-skills-trouvez-linspiration-dans-les-methodes-deducation-populaire-et-dintelligence-collective","status":"publish","type":"page","link":"https:\/\/remind-project.eu\/index.php\/fr\/comment-entrainer-ses-soft-skills-trouvez-linspiration-dans-les-methodes-deducation-populaire-et-dintelligence-collective\/","title":{"rendered":"COMMENT ENTRA\u00ceNER SES SOFT SKILLS ? TROUVEZ L\u2019INSPIRATION DANS LES M\u00c9THODES D\u2019\u00c9DUCATION POPULAIRE ET d\u2019INTELLIGENCE COLLECTIVE !"},"content":{"rendered":"\t\t<div data-elementor-type=\"wp-page\" data-elementor-id=\"1833\" class=\"elementor elementor-1833\">\n\t\t\t\t\t\t<section class=\"elementor-section elementor-top-section elementor-element elementor-element-9192c3a elementor-section-boxed elementor-section-height-default elementor-section-height-default\" data-id=\"9192c3a\" data-element_type=\"section\" data-e-type=\"section\" data-settings=\"{&quot;background_background&quot;:&quot;classic&quot;,&quot;shape_divider_bottom&quot;:&quot;mountains&quot;}\">\n\t\t\t\t\t\t\t<div class=\"elementor-background-overlay\"><\/div>\n\t\t\t\t\t\t<div class=\"elementor-shape elementor-shape-bottom\" aria-hidden=\"true\" data-negative=\"false\">\n\t\t\t<svg xmlns=\"http:\/\/www.w3.org\/2000\/svg\" viewBox=\"0 0 1000 100\" preserveAspectRatio=\"none\">\n\t<path class=\"elementor-shape-fill\" opacity=\"0.33\" d=\"M473,67.3c-203.9,88.3-263.1-34-320.3,0C66,119.1,0,59.7,0,59.7V0h1000v59.7 c0,0-62.1,26.1-94.9,29.3c-32.8,3.3-62.8-12.3-75.8-22.1C806,49.6,745.3,8.7,694.9,4.7S492.4,59,473,67.3z\"\/>\n\t<path class=\"elementor-shape-fill\" opacity=\"0.66\" d=\"M734,67.3c-45.5,0-77.2-23.2-129.1-39.1c-28.6-8.7-150.3-10.1-254,39.1 s-91.7-34.4-149.2,0C115.7,118.3,0,39.8,0,39.8V0h1000v36.5c0,0-28.2-18.5-92.1-18.5C810.2,18.1,775.7,67.3,734,67.3z\"\/>\n\t<path class=\"elementor-shape-fill\" d=\"M766.1,28.9c-200-57.5-266,65.5-395.1,19.5C242,1.8,242,5.4,184.8,20.6C128,35.8,132.3,44.9,89.9,52.5C28.6,63.7,0,0,0,0 h1000c0,0-9.9,40.9-83.6,48.1S829.6,47,766.1,28.9z\"\/>\n<\/svg>\t\t<\/div>\n\t\t\t\t\t<div class=\"elementor-container elementor-column-gap-default\">\n\t\t\t\t\t<div class=\"elementor-column elementor-col-100 elementor-top-column elementor-element elementor-element-11a9b08\" data-id=\"11a9b08\" data-element_type=\"column\" data-e-type=\"column\">\n\t\t\t<div class=\"elementor-widget-wrap elementor-element-populated\">\n\t\t\t\t\t\t<div class=\"elementor-element elementor-element-3a3ed37 elementor-widget__width-initial elementor-widget elementor-widget-spacer\" data-id=\"3a3ed37\" data-element_type=\"widget\" data-e-type=\"widget\" data-widget_type=\"spacer.default\">\n\t\t\t\t<div class=\"elementor-widget-container\">\n\t\t\t\t\t\t\t<div class=\"elementor-spacer\">\n\t\t\t<div class=\"elementor-spacer-inner\"><\/div>\n\t\t<\/div>\n\t\t\t\t\t\t<\/div>\n\t\t\t\t<\/div>\n\t\t\t\t<div class=\"elementor-element elementor-element-1e8bb06 elementor-widget elementor-widget-heading\" data-id=\"1e8bb06\" data-element_type=\"widget\" data-e-type=\"widget\" data-widget_type=\"heading.default\">\n\t\t\t\t<div class=\"elementor-widget-container\">\n\t\t\t\t\t<h2 class=\"elementor-heading-title elementor-size-default\">COMMENT ENTRA\u00ceNER SES SOFT SKILLS ? TROUVEZ L\u2019INSPIRATION DANS LES M\u00c9THODES D\u2019\u00c9DUCATION POPULAIRE ET d\u2019INTELLIGENCE COLLECTIVE !\n<\/h2>\t\t\t\t<\/div>\n\t\t\t\t<\/div>\n\t\t\t\t<div class=\"elementor-element elementor-element-ed7bb19 elementor-widget elementor-widget-spacer\" data-id=\"ed7bb19\" data-element_type=\"widget\" data-e-type=\"widget\" data-widget_type=\"spacer.default\">\n\t\t\t\t<div class=\"elementor-widget-container\">\n\t\t\t\t\t\t\t<div class=\"elementor-spacer\">\n\t\t\t<div class=\"elementor-spacer-inner\"><\/div>\n\t\t<\/div>\n\t\t\t\t\t\t<\/div>\n\t\t\t\t<\/div>\n\t\t\t\t\t<\/div>\n\t\t<\/div>\n\t\t\t\t\t<\/div>\n\t\t<\/section>\n\t\t\t\t<section class=\"elementor-section elementor-top-section elementor-element elementor-element-d3f001a elementor-section-boxed elementor-section-height-default elementor-section-height-default\" data-id=\"d3f001a\" data-element_type=\"section\" data-e-type=\"section\">\n\t\t\t\t\t\t<div class=\"elementor-container elementor-column-gap-default\">\n\t\t\t\t\t<div class=\"elementor-column elementor-col-100 elementor-top-column elementor-element elementor-element-a32a573\" data-id=\"a32a573\" data-element_type=\"column\" data-e-type=\"column\">\n\t\t\t<div class=\"elementor-widget-wrap elementor-element-populated\">\n\t\t\t\t\t\t<div class=\"elementor-element elementor-element-b2bcab8 elementor-widget elementor-widget-spacer\" data-id=\"b2bcab8\" data-element_type=\"widget\" data-e-type=\"widget\" data-widget_type=\"spacer.default\">\n\t\t\t\t<div class=\"elementor-widget-container\">\n\t\t\t\t\t\t\t<div class=\"elementor-spacer\">\n\t\t\t<div class=\"elementor-spacer-inner\"><\/div>\n\t\t<\/div>\n\t\t\t\t\t\t<\/div>\n\t\t\t\t<\/div>\n\t\t\t\t<section class=\"elementor-section elementor-inner-section elementor-element elementor-element-c81efdb elementor-section-boxed elementor-section-height-default elementor-section-height-default\" data-id=\"c81efdb\" data-element_type=\"section\" data-e-type=\"section\">\n\t\t\t\t\t\t<div class=\"elementor-container elementor-column-gap-default\">\n\t\t\t\t\t<div class=\"elementor-column elementor-col-50 elementor-inner-column elementor-element elementor-element-ca906d6\" data-id=\"ca906d6\" data-element_type=\"column\" data-e-type=\"column\">\n\t\t\t<div class=\"elementor-widget-wrap elementor-element-populated\">\n\t\t\t\t\t\t<div class=\"elementor-element elementor-element-3cd73a7 elementor-widget__width-initial elementor-widget elementor-widget-text-editor\" data-id=\"3cd73a7\" data-element_type=\"widget\" data-e-type=\"widget\" data-widget_type=\"text-editor.default\">\n\t\t\t\t<div class=\"elementor-widget-container\">\n\t\t\t\t\t\t\t\t\t<p><\/p><p><span style=\"font-weight: 400;\">Les soft skills englobent un ensemble de comportements, savoir-\u00eatres, aptitudes, attitudes et \u00e9tats d\u2019esprit. Il n\u2019est pas possible d\u2019entra\u00eener ces comp\u00e9tences gr\u00e2ce \u00e0 des approches p\u00e9dagogiques traditionnelles. En effet, il ne s\u2019agit pas de capitaliser des savoirs ou des comp\u00e9tences techniques. L\u2019objectif est de favoriser un changement social et comportemental individuel, mais par-dessus tout collectif.<\/span><\/p><p><\/p>\t\t\t\t\t\t\t\t<\/div>\n\t\t\t\t<\/div>\n\t\t\t\t\t<\/div>\n\t\t<\/div>\n\t\t\t\t<div class=\"elementor-column elementor-col-50 elementor-inner-column elementor-element elementor-element-b077ea8\" data-id=\"b077ea8\" data-element_type=\"column\" data-e-type=\"column\">\n\t\t\t<div class=\"elementor-widget-wrap elementor-element-populated\">\n\t\t\t\t\t\t<div class=\"elementor-element elementor-element-41b7259 elementor-widget elementor-widget-image\" data-id=\"41b7259\" data-element_type=\"widget\" data-e-type=\"widget\" data-widget_type=\"image.default\">\n\t\t\t\t<div class=\"elementor-widget-container\">\n\t\t\t\t\t\t\t\t\t\t\t\t\t\t\t<img fetchpriority=\"high\" decoding=\"async\" width=\"1024\" height=\"576\" src=\"https:\/\/remind-project.eu\/wp-content\/uploads\/2024\/04\/person-using-laptop-using-artificial-intelligence-generate-images-1024x576.png\" class=\"attachment-large size-large wp-image-1784\" alt=\"\" srcset=\"https:\/\/remind-project.eu\/wp-content\/uploads\/2024\/04\/person-using-laptop-using-artificial-intelligence-generate-images-1024x576.png 1024w, https:\/\/remind-project.eu\/wp-content\/uploads\/2024\/04\/person-using-laptop-using-artificial-intelligence-generate-images-300x169.png 300w, https:\/\/remind-project.eu\/wp-content\/uploads\/2024\/04\/person-using-laptop-using-artificial-intelligence-generate-images-768x432.png 768w, https:\/\/remind-project.eu\/wp-content\/uploads\/2024\/04\/person-using-laptop-using-artificial-intelligence-generate-images-1536x864.png 1536w, https:\/\/remind-project.eu\/wp-content\/uploads\/2024\/04\/person-using-laptop-using-artificial-intelligence-generate-images-2048x1152.png 2048w, https:\/\/remind-project.eu\/wp-content\/uploads\/2024\/04\/person-using-laptop-using-artificial-intelligence-generate-images-720x405.png 720w\" sizes=\"(max-width: 1024px) 100vw, 1024px\" \/>\t\t\t\t\t\t\t\t\t\t\t\t\t\t\t<\/div>\n\t\t\t\t<\/div>\n\t\t\t\t\t<\/div>\n\t\t<\/div>\n\t\t\t\t\t<\/div>\n\t\t<\/section>\n\t\t\t\t<div class=\"elementor-element elementor-element-411b1f6 elementor-widget elementor-widget-text-editor\" data-id=\"411b1f6\" data-element_type=\"widget\" data-e-type=\"widget\" data-widget_type=\"text-editor.default\">\n\t\t\t\t<div class=\"elementor-widget-container\">\n\t\t\t\t\t\t\t\t\t<p><\/p><p><span style=\"font-weight: 400;\">Pour cela, nous proposons une approche p\u00e9dagogique participative et interactive inspir\u00e9e des m\u00e9thodes de l\u2019\u00e9ducation populaire et de l\u2019intelligence collective. Le but est de lib\u00e9rer ainsi la cr\u00e9ativit\u00e9, promouvoir la confiance en soi, encourager l\u2019interaction et la coop\u00e9ration, mais \u00e9galement d\u2019\u00e9changer et de partager des valeurs afin de d\u00e9velopper l\u2019empathie, l\u2019ouverture d\u2019esprit et de susciter l\u2019\u00e9mergence d\u2019une vision individuelle et collective.<\/span><\/p><p><span style=\"font-weight: 400;\">L\u2019\u00e9ducation populaire est un mouvement social d\u2019\u00e9ducation alternative, qui vise \u00e0 diffuser et partager les savoirs et \u00e0 d\u00e9velopper la capacit\u00e9 des individus \u00e0 vivre en soci\u00e9t\u00e9. Il s\u2019agit d\u2019un processus d\u2019apprentissage collectif et participatif dont l\u2019objectif est de modifier le rapport aux savoirs, aux autres et plus largement, \u00e0 la soci\u00e9t\u00e9. Elle a pour but de contribuer \u00e0 l\u2019\u00e9mancipation individuelle et collective.<\/span><\/p><p><span style=\"font-weight: 400;\">L\u2019approche par l\u2019intelligence collective est une pratique du management des organisations. Il pose pour principe que si un groupe d\u2019individus, r\u00e9unis autour d\u2019un projet commun, partage des connaissances, des comp\u00e9tences et des exp\u00e9riences, cela am\u00e9liorera la performance globale de l\u2019\u00e9quipe, de l\u2019entreprise ou de la communaut\u00e9. Elle est bas\u00e9e sur un management et une coop\u00e9ration horizontale.<\/span><\/p><p><span style=\"font-weight: 400;\">Nous avons justement appliqu\u00e9 ces m\u00e9thodes pour cr\u00e9er une bo\u00eete \u00e0 outils, qui rassemble des jeux, des activit\u00e9s ainsi que des ateliers pour d\u00e9velopper les principales soft skills cibles du projet RE.MIND. Les outils sont r\u00e9partis par niveaux (facile, interm\u00e9diaire et avanc\u00e9) et peuvent ainsi \u00eatre mis en place comme un exercice ponctuel ou comme un travail plus pouss\u00e9 et dans la dur\u00e9e.<\/span><\/p><p><span style=\"font-weight: 400;\">Pour chaque outil, vous disposerez d\u2019une fiche p\u00e9dagogique compl\u00e8te rassemblant tous les \u00e9l\u00e9ments n\u00e9cessaires \u00e0 l\u2019enseignant pour exp\u00e9rimenter l\u2019outil dans la salle de classe ou dans votre entreprise, \u00e0 la mani\u00e8re d\u2019un mode d\u2019emploi\u00a0!<\/span><\/p><p><\/p>\t\t\t\t\t\t\t\t<\/div>\n\t\t\t\t<\/div>\n\t\t\t\t\t<\/div>\n\t\t<\/div>\n\t\t\t\t\t<\/div>\n\t\t<\/section>\n\t\t\t\t<section class=\"elementor-section elementor-top-section elementor-element elementor-element-cc196ca elementor-section-boxed elementor-section-height-default elementor-section-height-default\" data-id=\"cc196ca\" data-element_type=\"section\" data-e-type=\"section\">\n\t\t\t\t\t\t<div class=\"elementor-container elementor-column-gap-default\">\n\t\t\t\t\t<div class=\"elementor-column elementor-col-33 elementor-top-column elementor-element elementor-element-25ddf86\" data-id=\"25ddf86\" data-element_type=\"column\" data-e-type=\"column\">\n\t\t\t<div class=\"elementor-widget-wrap elementor-element-populated\">\n\t\t\t\t\t\t<div class=\"elementor-element elementor-element-ec7cb60 elementor-widget elementor-widget-spacer\" data-id=\"ec7cb60\" data-element_type=\"widget\" data-e-type=\"widget\" data-widget_type=\"spacer.default\">\n\t\t\t\t<div class=\"elementor-widget-container\">\n\t\t\t\t\t\t\t<div class=\"elementor-spacer\">\n\t\t\t<div class=\"elementor-spacer-inner\"><\/div>\n\t\t<\/div>\n\t\t\t\t\t\t<\/div>\n\t\t\t\t<\/div>\n\t\t\t\t<div class=\"elementor-element elementor-element-319d39f elementor-widget elementor-widget-image\" data-id=\"319d39f\" data-element_type=\"widget\" data-e-type=\"widget\" data-widget_type=\"image.default\">\n\t\t\t\t<div class=\"elementor-widget-container\">\n\t\t\t\t\t\t\t\t\t\t\t\t\t\t\t<img decoding=\"async\" width=\"300\" height=\"67\" src=\"https:\/\/remind-project.eu\/wp-content\/uploads\/2022\/01\/era-300x67-1.png\" class=\"attachment-large size-large wp-image-120\" alt=\"\" \/>\t\t\t\t\t\t\t\t\t\t\t\t\t\t\t<\/div>\n\t\t\t\t<\/div>\n\t\t\t\t<div class=\"elementor-element elementor-element-2a5620e elementor-widget elementor-widget-text-editor\" data-id=\"2a5620e\" data-element_type=\"widget\" data-e-type=\"widget\" data-widget_type=\"text-editor.default\">\n\t\t\t\t<div class=\"elementor-widget-container\">\n\t\t\t\t\t\t\t\t\t<p>Financ\u00e9 par l\u2019Union europ\u00e9enne. Les points de vue et avis exprim\u00e9s n\u2019engagent toutefois que leur(s) auteur(s) et ne refl\u00e8tent pas n\u00e9cessairement ceux de l\u2019Union europ\u00e9enne ou de l\u2019Agence ex\u00e9cutive europ\u00e9enne pour l\u2019\u00e9ducation et la culture (EACEA). Ni l\u2019Union europ\u00e9enne ni l\u2019EACEA ne sauraient en \u00eatre tenues pour responsables. 2021-1-NO01-KA220-VET-000033203<\/p>\t\t\t\t\t\t\t\t<\/div>\n\t\t\t\t<\/div>\n\t\t\t\t\t<\/div>\n\t\t<\/div>\n\t\t\t\t<div class=\"elementor-column elementor-col-33 elementor-top-column elementor-element elementor-element-e04d0e9\" data-id=\"e04d0e9\" data-element_type=\"column\" data-e-type=\"column\">\n\t\t\t<div class=\"elementor-widget-wrap\">\n\t\t\t\t\t\t\t<\/div>\n\t\t<\/div>\n\t\t\t\t<div class=\"elementor-column elementor-col-33 elementor-top-column elementor-element elementor-element-814a37f\" data-id=\"814a37f\" data-element_type=\"column\" data-e-type=\"column\">\n\t\t\t<div class=\"elementor-widget-wrap elementor-element-populated\">\n\t\t\t\t\t\t<div class=\"elementor-element elementor-element-cd02595 elementor-widget elementor-widget-spacer\" data-id=\"cd02595\" data-element_type=\"widget\" data-e-type=\"widget\" data-widget_type=\"spacer.default\">\n\t\t\t\t<div class=\"elementor-widget-container\">\n\t\t\t\t\t\t\t<div class=\"elementor-spacer\">\n\t\t\t<div class=\"elementor-spacer-inner\"><\/div>\n\t\t<\/div>\n\t\t\t\t\t\t<\/div>\n\t\t\t\t<\/div>\n\t\t\t\t<div class=\"elementor-element elementor-element-9c3efba elementor-widget elementor-widget-image\" data-id=\"9c3efba\" data-element_type=\"widget\" data-e-type=\"widget\" data-widget_type=\"image.default\">\n\t\t\t\t<div class=\"elementor-widget-container\">\n\t\t\t\t\t\t\t\t\t\t\t\t\t\t\t\t<a href=\"http:\/\/remind-project.eu\/\">\n\t\t\t\t\t\t\t<img decoding=\"async\" width=\"101\" height=\"101\" src=\"https:\/\/remind-project.eu\/wp-content\/uploads\/2022\/01\/xxxxsmall.png\" class=\"attachment-thumbnail size-thumbnail wp-image-11\" alt=\"\" \/>\t\t\t\t\t\t\t\t<\/a>\n\t\t\t\t\t\t\t\t\t\t\t\t\t\t\t<\/div>\n\t\t\t\t<\/div>\n\t\t\t\t<div class=\"elementor-element elementor-element-3a98e6d elementor-widget elementor-widget-text-editor\" data-id=\"3a98e6d\" data-element_type=\"widget\" data-e-type=\"widget\" data-widget_type=\"text-editor.default\">\n\t\t\t\t<div class=\"elementor-widget-container\">\n\t\t\t\t\t\t\t\t\t<a style=\"color: #073b4c;\" href=\"http:\/\/remind-project.eu\/index.php\/terms-of-use\/\" target=\"_blank\" rel=\"noopener\">Terms of Use<\/a>\t\t\t\t\t\t\t\t<\/div>\n\t\t\t\t<\/div>\n\t\t\t\t<div class=\"elementor-element elementor-element-58ce07f elementor-shape-circle e-grid-align-right elementor-grid-0 elementor-widget elementor-widget-social-icons\" data-id=\"58ce07f\" data-element_type=\"widget\" data-e-type=\"widget\" data-widget_type=\"social-icons.default\">\n\t\t\t\t<div class=\"elementor-widget-container\">\n\t\t\t\t\t\t\t<div class=\"elementor-social-icons-wrapper elementor-grid\" role=\"list\">\n\t\t\t\t\t\t\t<span class=\"elementor-grid-item\" role=\"listitem\">\n\t\t\t\t\t<a class=\"elementor-icon elementor-social-icon elementor-social-icon-instagram elementor-animation-grow elementor-repeater-item-3985a65\" href=\"https:\/\/www.instagram.com\/remind.project22\/\" target=\"_blank\">\n\t\t\t\t\t\t<span class=\"elementor-screen-only\">Instagram<\/span>\n\t\t\t\t\t\t<i aria-hidden=\"true\" class=\"fab fa-instagram\"><\/i>\t\t\t\t\t<\/a>\n\t\t\t\t<\/span>\n\t\t\t\t\t\t\t<span class=\"elementor-grid-item\" role=\"listitem\">\n\t\t\t\t\t<a class=\"elementor-icon elementor-social-icon elementor-social-icon-facebook elementor-animation-grow elementor-repeater-item-e5ffdf7\" href=\"https:\/\/www.facebook.com\/r.e.mind.eu\/\" target=\"_blank\">\n\t\t\t\t\t\t<span class=\"elementor-screen-only\">Facebook<\/span>\n\t\t\t\t\t\t<i aria-hidden=\"true\" class=\"fab fa-facebook\"><\/i>\t\t\t\t\t<\/a>\n\t\t\t\t<\/span>\n\t\t\t\t\t\t\t<span class=\"elementor-grid-item\" role=\"listitem\">\n\t\t\t\t\t<a class=\"elementor-icon elementor-social-icon elementor-social-icon-linkedin-in elementor-animation-grow elementor-repeater-item-bf98e96\" href=\"https:\/\/www.linkedin.com\/showcase\/82002459\/admin\/\" target=\"_blank\">\n\t\t\t\t\t\t<span class=\"elementor-screen-only\">Linkedin-in<\/span>\n\t\t\t\t\t\t<i aria-hidden=\"true\" class=\"fab fa-linkedin-in\"><\/i>\t\t\t\t\t<\/a>\n\t\t\t\t<\/span>\n\t\t\t\t\t<\/div>\n\t\t\t\t\t\t<\/div>\n\t\t\t\t<\/div>\n\t\t\t\t\t<\/div>\n\t\t<\/div>\n\t\t\t\t\t<\/div>\n\t\t<\/section>\n\t\t\t\t<section class=\"elementor-section elementor-top-section elementor-element elementor-element-342de0a elementor-section-boxed elementor-section-height-default elementor-section-height-default\" data-id=\"342de0a\" data-element_type=\"section\" data-e-type=\"section\">\n\t\t\t\t\t\t<div class=\"elementor-container elementor-column-gap-default\">\n\t\t\t\t\t<div class=\"elementor-column elementor-col-100 elementor-top-column elementor-element elementor-element-54ab7a7\" data-id=\"54ab7a7\" data-element_type=\"column\" data-e-type=\"column\">\n\t\t\t<div class=\"elementor-widget-wrap elementor-element-populated\">\n\t\t\t\t\t\t<div class=\"elementor-element elementor-element-2a59529 elementor-widget-divider--view-line elementor-widget elementor-widget-divider\" data-id=\"2a59529\" data-element_type=\"widget\" data-e-type=\"widget\" data-widget_type=\"divider.default\">\n\t\t\t\t<div class=\"elementor-widget-container\">\n\t\t\t\t\t\t\t<div class=\"elementor-divider\">\n\t\t\t<span class=\"elementor-divider-separator\">\n\t\t\t\t\t\t<\/span>\n\t\t<\/div>\n\t\t\t\t\t\t<\/div>\n\t\t\t\t<\/div>\n\t\t\t\t\t<\/div>\n\t\t<\/div>\n\t\t\t\t\t<\/div>\n\t\t<\/section>\n\t\t\t\t<section class=\"elementor-section elementor-top-section elementor-element elementor-element-a585f9b elementor-section-boxed elementor-section-height-default elementor-section-height-default\" data-id=\"a585f9b\" data-element_type=\"section\" data-e-type=\"section\">\n\t\t\t\t\t\t<div class=\"elementor-container elementor-column-gap-default\">\n\t\t\t\t\t<div class=\"elementor-column elementor-col-33 elementor-top-column elementor-element elementor-element-6a1c433\" data-id=\"6a1c433\" data-element_type=\"column\" data-e-type=\"column\">\n\t\t\t<div class=\"elementor-widget-wrap elementor-element-populated\">\n\t\t\t\t\t\t<div class=\"elementor-element elementor-element-b21396f elementor-widget elementor-widget-text-editor\" data-id=\"b21396f\" data-element_type=\"widget\" data-e-type=\"widget\" data-widget_type=\"text-editor.default\">\n\t\t\t\t<div class=\"elementor-widget-container\">\n\t\t\t\t\t\t\t\t\t<span style=\"color: #000; font-family: Poppins, sans-serif; font-size: 15px;\">Copyright \u00a9 2022 RE.Mind. All Rights Reserved<\/span>\t\t\t\t\t\t\t\t<\/div>\n\t\t\t\t<\/div>\n\t\t\t\t\t<\/div>\n\t\t<\/div>\n\t\t\t\t<div class=\"elementor-column elementor-col-33 elementor-top-column elementor-element elementor-element-627db37\" data-id=\"627db37\" data-element_type=\"column\" data-e-type=\"column\">\n\t\t\t<div class=\"elementor-widget-wrap\">\n\t\t\t\t\t\t\t<\/div>\n\t\t<\/div>\n\t\t\t\t<div class=\"elementor-column elementor-col-33 elementor-top-column elementor-element elementor-element-a0b292e\" data-id=\"a0b292e\" data-element_type=\"column\" data-e-type=\"column\">\n\t\t\t<div class=\"elementor-widget-wrap elementor-element-populated\">\n\t\t\t\t\t\t<div class=\"elementor-element elementor-element-ee84392 elementor-widget elementor-widget-text-editor\" data-id=\"ee84392\" data-element_type=\"widget\" data-e-type=\"widget\" data-widget_type=\"text-editor.default\">\n\t\t\t\t<div class=\"elementor-widget-container\">\n\t\t\t\t\t\t\t\t\t<span style=\"color: #000; font-family: Poppins, sans-serif; font-size: 15px; text-align: right;\">Powered by\u00a0<\/span><a style=\"color: #000; background-color: #ffffff; font-family: Poppins, sans-serif; font-size: 15px; text-align: right;\" href=\"https:\/\/innovationhive.eu\/\" target=\"_blank\" rel=\"noopener\">Innovation Hive<\/a>\t\t\t\t\t\t\t\t<\/div>\n\t\t\t\t<\/div>\n\t\t\t\t\t<\/div>\n\t\t<\/div>\n\t\t\t\t\t<\/div>\n\t\t<\/section>\n\t\t\t\t<\/div>\n\t\t","protected":false},"excerpt":{"rendered":"<p>COMMENT ENTRA\u00ceNER SES SOFT SKILLS ? TROUVEZ L\u2019INSPIRATION DANS LES M\u00c9THODES D\u2019\u00c9DUCATION POPULAIRE ET d\u2019INTELLIGENCE COLLECTIVE ! Les soft skills [&hellip;]<\/p>\n","protected":false},"author":1,"featured_media":0,"parent":0,"menu_order":0,"comment_status":"closed","ping_status":"closed","template":"page-templates\/template_page-builder.php","meta":{"_monsterinsights_skip_tracking":false,"_monsterinsights_sitenote_active":false,"_monsterinsights_sitenote_note":"","_monsterinsights_sitenote_category":0,"_uf_show_specific_survey":0,"_uf_disable_surveys":false,"footnotes":""},"class_list":["post-1833","page","type-page","status-publish","hentry"],"aioseo_notices":[],"_links":{"self":[{"href":"https:\/\/remind-project.eu\/index.php\/wp-json\/wp\/v2\/pages\/1833","targetHints":{"allow":["GET"]}}],"collection":[{"href":"https:\/\/remind-project.eu\/index.php\/wp-json\/wp\/v2\/pages"}],"about":[{"href":"https:\/\/remind-project.eu\/index.php\/wp-json\/wp\/v2\/types\/page"}],"author":[{"embeddable":true,"href":"https:\/\/remind-project.eu\/index.php\/wp-json\/wp\/v2\/users\/1"}],"replies":[{"embeddable":true,"href":"https:\/\/remind-project.eu\/index.php\/wp-json\/wp\/v2\/comments?post=1833"}],"version-history":[{"count":4,"href":"https:\/\/remind-project.eu\/index.php\/wp-json\/wp\/v2\/pages\/1833\/revisions"}],"predecessor-version":[{"id":1837,"href":"https:\/\/remind-project.eu\/index.php\/wp-json\/wp\/v2\/pages\/1833\/revisions\/1837"}],"wp:attachment":[{"href":"https:\/\/remind-project.eu\/index.php\/wp-json\/wp\/v2\/media?parent=1833"}],"curies":[{"name":"wp","href":"https:\/\/api.w.org\/{rel}","templated":true}]}}