{"id":1850,"date":"2024-04-02T09:41:57","date_gmt":"2024-04-02T09:41:57","guid":{"rendered":"https:\/\/remind-project.eu\/?page_id=1850"},"modified":"2024-04-02T09:43:00","modified_gmt":"2024-04-02T09:43:00","slug":"a-styrke-vet-studenter-med-ferdigheter-innen-sosialt-entreprenorskap","status":"publish","type":"page","link":"https:\/\/remind-project.eu\/index.php\/nn\/a-styrke-vet-studenter-med-ferdigheter-innen-sosialt-entreprenorskap\/","title":{"rendered":"\u00c5 styrke VET-studenter med ferdigheter innen sosialt entrepren\u00f8rskap"},"content":{"rendered":"\t\t<div data-elementor-type=\"wp-page\" data-elementor-id=\"1850\" class=\"elementor elementor-1850\">\n\t\t\t\t\t\t<section class=\"elementor-section elementor-top-section elementor-element elementor-element-7bfff89 elementor-section-boxed elementor-section-height-default elementor-section-height-default\" data-id=\"7bfff89\" data-element_type=\"section\" data-e-type=\"section\" data-settings=\"{&quot;background_background&quot;:&quot;classic&quot;,&quot;shape_divider_bottom&quot;:&quot;mountains&quot;}\">\n\t\t\t\t\t\t\t<div class=\"elementor-background-overlay\"><\/div>\n\t\t\t\t\t\t<div class=\"elementor-shape elementor-shape-bottom\" aria-hidden=\"true\" data-negative=\"false\">\n\t\t\t<svg xmlns=\"http:\/\/www.w3.org\/2000\/svg\" viewBox=\"0 0 1000 100\" preserveAspectRatio=\"none\">\n\t<path class=\"elementor-shape-fill\" opacity=\"0.33\" d=\"M473,67.3c-203.9,88.3-263.1-34-320.3,0C66,119.1,0,59.7,0,59.7V0h1000v59.7 c0,0-62.1,26.1-94.9,29.3c-32.8,3.3-62.8-12.3-75.8-22.1C806,49.6,745.3,8.7,694.9,4.7S492.4,59,473,67.3z\"\/>\n\t<path class=\"elementor-shape-fill\" opacity=\"0.66\" d=\"M734,67.3c-45.5,0-77.2-23.2-129.1-39.1c-28.6-8.7-150.3-10.1-254,39.1 s-91.7-34.4-149.2,0C115.7,118.3,0,39.8,0,39.8V0h1000v36.5c0,0-28.2-18.5-92.1-18.5C810.2,18.1,775.7,67.3,734,67.3z\"\/>\n\t<path class=\"elementor-shape-fill\" d=\"M766.1,28.9c-200-57.5-266,65.5-395.1,19.5C242,1.8,242,5.4,184.8,20.6C128,35.8,132.3,44.9,89.9,52.5C28.6,63.7,0,0,0,0 h1000c0,0-9.9,40.9-83.6,48.1S829.6,47,766.1,28.9z\"\/>\n<\/svg>\t\t<\/div>\n\t\t\t\t\t<div class=\"elementor-container elementor-column-gap-default\">\n\t\t\t\t\t<div class=\"elementor-column elementor-col-100 elementor-top-column elementor-element elementor-element-aeb3c87\" data-id=\"aeb3c87\" data-element_type=\"column\" data-e-type=\"column\">\n\t\t\t<div class=\"elementor-widget-wrap elementor-element-populated\">\n\t\t\t\t\t\t<div class=\"elementor-element elementor-element-1f3dc79 elementor-widget__width-initial elementor-widget elementor-widget-spacer\" data-id=\"1f3dc79\" data-element_type=\"widget\" data-e-type=\"widget\" data-widget_type=\"spacer.default\">\n\t\t\t\t<div class=\"elementor-widget-container\">\n\t\t\t\t\t\t\t<div class=\"elementor-spacer\">\n\t\t\t<div class=\"elementor-spacer-inner\"><\/div>\n\t\t<\/div>\n\t\t\t\t\t\t<\/div>\n\t\t\t\t<\/div>\n\t\t\t\t<div class=\"elementor-element elementor-element-42d70de elementor-widget elementor-widget-heading\" data-id=\"42d70de\" data-element_type=\"widget\" data-e-type=\"widget\" data-widget_type=\"heading.default\">\n\t\t\t\t<div class=\"elementor-widget-container\">\n\t\t\t\t\t<h2 class=\"elementor-heading-title elementor-size-default\">\u00c5 styrke VET-studenter med ferdigheter innen sosialt entrepren\u00f8rskap<\/h2>\t\t\t\t<\/div>\n\t\t\t\t<\/div>\n\t\t\t\t<div class=\"elementor-element elementor-element-a53367f elementor-widget elementor-widget-spacer\" data-id=\"a53367f\" data-element_type=\"widget\" data-e-type=\"widget\" data-widget_type=\"spacer.default\">\n\t\t\t\t<div class=\"elementor-widget-container\">\n\t\t\t\t\t\t\t<div class=\"elementor-spacer\">\n\t\t\t<div class=\"elementor-spacer-inner\"><\/div>\n\t\t<\/div>\n\t\t\t\t\t\t<\/div>\n\t\t\t\t<\/div>\n\t\t\t\t\t<\/div>\n\t\t<\/div>\n\t\t\t\t\t<\/div>\n\t\t<\/section>\n\t\t\t\t<section class=\"elementor-section elementor-top-section elementor-element elementor-element-9ffed03 elementor-section-boxed elementor-section-height-default elementor-section-height-default\" data-id=\"9ffed03\" data-element_type=\"section\" data-e-type=\"section\">\n\t\t\t\t\t\t<div class=\"elementor-container elementor-column-gap-default\">\n\t\t\t\t\t<div class=\"elementor-column elementor-col-100 elementor-top-column elementor-element elementor-element-75b5399\" data-id=\"75b5399\" data-element_type=\"column\" data-e-type=\"column\">\n\t\t\t<div class=\"elementor-widget-wrap elementor-element-populated\">\n\t\t\t\t\t\t<div class=\"elementor-element elementor-element-9e1c5ee elementor-widget elementor-widget-spacer\" data-id=\"9e1c5ee\" data-element_type=\"widget\" data-e-type=\"widget\" data-widget_type=\"spacer.default\">\n\t\t\t\t<div class=\"elementor-widget-container\">\n\t\t\t\t\t\t\t<div class=\"elementor-spacer\">\n\t\t\t<div class=\"elementor-spacer-inner\"><\/div>\n\t\t<\/div>\n\t\t\t\t\t\t<\/div>\n\t\t\t\t<\/div>\n\t\t\t\t<section class=\"elementor-section elementor-inner-section elementor-element elementor-element-67d1911 elementor-section-boxed elementor-section-height-default elementor-section-height-default\" data-id=\"67d1911\" data-element_type=\"section\" data-e-type=\"section\">\n\t\t\t\t\t\t<div class=\"elementor-container elementor-column-gap-default\">\n\t\t\t\t\t<div class=\"elementor-column elementor-col-50 elementor-inner-column elementor-element elementor-element-70ca431\" data-id=\"70ca431\" data-element_type=\"column\" data-e-type=\"column\">\n\t\t\t<div class=\"elementor-widget-wrap elementor-element-populated\">\n\t\t\t\t\t\t<div class=\"elementor-element elementor-element-48df04b elementor-widget__width-initial elementor-widget elementor-widget-text-editor\" data-id=\"48df04b\" data-element_type=\"widget\" data-e-type=\"widget\" data-widget_type=\"text-editor.default\">\n\t\t\t\t<div class=\"elementor-widget-container\">\n\t\t\t\t\t\t\t\t\t<p><\/p><p><span style=\"font-weight: 400;\">I det stadig skiftende landskapet innen yrkesfaglig oppl\u00e6ring og trening (VET) kan ikke betydningen av ferdigheter innen sosialt entrepren\u00f8rskap overvurderes. N\u00e5r VET-studenter forbereder seg p\u00e5 \u00e5 tre inn i en verden preget av raske teknologiske fremskritt og komplekse sosiale problemer, g\u00e5r det \u00e5 utstyre dem med et variert ferdighetsspekter utover tradisjonell akademisk l\u00e6ring. Blant de avgj\u00f8rende ferdighetene for suksess i en sosial \u00f8konomi er proaktivitet, menneskelige ferdigheter, stressmestring, kreativitet, planlegging og organisering, samt teamwork og samarbeid.<\/span><\/p><p><\/p>\t\t\t\t\t\t\t\t<\/div>\n\t\t\t\t<\/div>\n\t\t\t\t\t<\/div>\n\t\t<\/div>\n\t\t\t\t<div class=\"elementor-column elementor-col-50 elementor-inner-column elementor-element elementor-element-96013b5\" data-id=\"96013b5\" data-element_type=\"column\" data-e-type=\"column\">\n\t\t\t<div class=\"elementor-widget-wrap elementor-element-populated\">\n\t\t\t\t\t\t<div class=\"elementor-element elementor-element-f87aa04 elementor-widget elementor-widget-image\" data-id=\"f87aa04\" data-element_type=\"widget\" data-e-type=\"widget\" data-widget_type=\"image.default\">\n\t\t\t\t<div class=\"elementor-widget-container\">\n\t\t\t\t\t\t\t\t\t\t\t\t\t\t\t<img fetchpriority=\"high\" decoding=\"async\" width=\"1024\" height=\"688\" src=\"https:\/\/remind-project.eu\/wp-content\/uploads\/2024\/04\/city-committed-education-collage-concept-1024x688.jpg\" class=\"attachment-large size-large wp-image-1792\" alt=\"\" srcset=\"https:\/\/remind-project.eu\/wp-content\/uploads\/2024\/04\/city-committed-education-collage-concept-1024x688.jpg 1024w, https:\/\/remind-project.eu\/wp-content\/uploads\/2024\/04\/city-committed-education-collage-concept-300x202.jpg 300w, https:\/\/remind-project.eu\/wp-content\/uploads\/2024\/04\/city-committed-education-collage-concept-768x516.jpg 768w, https:\/\/remind-project.eu\/wp-content\/uploads\/2024\/04\/city-committed-education-collage-concept-1536x1033.jpg 1536w, https:\/\/remind-project.eu\/wp-content\/uploads\/2024\/04\/city-committed-education-collage-concept-2048x1377.jpg 2048w, https:\/\/remind-project.eu\/wp-content\/uploads\/2024\/04\/city-committed-education-collage-concept-720x484.jpg 720w\" sizes=\"(max-width: 1024px) 100vw, 1024px\" \/>\t\t\t\t\t\t\t\t\t\t\t\t\t\t\t<\/div>\n\t\t\t\t<\/div>\n\t\t\t\t\t<\/div>\n\t\t<\/div>\n\t\t\t\t\t<\/div>\n\t\t<\/section>\n\t\t\t\t<div class=\"elementor-element elementor-element-3071ecb elementor-widget elementor-widget-text-editor\" data-id=\"3071ecb\" data-element_type=\"widget\" data-e-type=\"widget\" data-widget_type=\"text-editor.default\">\n\t\t\t\t<div class=\"elementor-widget-container\">\n\t\t\t\t\t\t\t\t\t<p><\/p><p><b>Proaktivitet: \u00c5 drive endring gjennom initiativ<\/b><span style=\"font-weight: 400;\">. Proaktivitet handler om \u00e5 ta initiativ og v\u00e6re proaktiv i \u00e5 identifisere utfordringer og muligheter. I konteksten av sosialt entrepren\u00f8rskap kan proaktive VET-studenter spille en avgj\u00f8rende rolle i \u00e5 adressere samfunnsbehov, skape innovative l\u00f8sninger og argumentere for positiv endring innenfor sine yrkessektorer. Ved \u00e5 forutse trender og ta proaktive skritt posisjonerer de seg som endringsagenter heller enn passive observat\u00f8rer.<\/span><\/p><p><b>Menneskelige ferdigheter: Bygge samarbeidsnettverk<\/b><span style=\"font-weight: 400;\">. Effektiv kommunikasjon og mellommenneskelige ferdigheter er grunnleggende for \u00e5 etablere meningsfulle forbindelser og bygge samarbeidsnettverk. VET-studenter m\u00e5 engasjere seg med ulike interessenter som arbeidsgivere, kolleger, beslutningstakere og samfunnsmedlemmer. Sterke menneskelige ferdigheter gj\u00f8r dem i stand til \u00e5 navigere komplekse relasjoner, forhandle effektivt og fremme partnerskap som driver sosial p\u00e5virkning og fremmer b\u00e6rekraftig utvikling.<\/span><\/p><p><b>Stressmestring: Motstandskraft i motgang.<\/b><span style=\"font-weight: 400;\"> Entrepren\u00f8rreisen, enten sosial eller kommersiell, er ofte fylt med utfordringer og usikkerheter. \u00c5 utvikle stressmestring og motstandskraft er avgj\u00f8rende for VET-studenter n\u00e5r de m\u00f8ter hindringer og tilbakeslag langs karrierestien. Ved \u00e5 dyrke mestringsstrategier, s\u00f8ke mentorskap og opprettholde en positiv holdning kan de navigere motgang med motstandskraft og fortsette \u00e5 forf\u00f8lge m\u00e5lene sine med besluttsomhet.<\/span><\/p><p><b>Kreativitet: \u00c5 l\u00e5se opp innovative l\u00f8sninger.<\/b><span style=\"font-weight: 400;\"> Kreativitet er en kraftig driver av innovasjon og probleml\u00f8sning. VET-studenter som tenker kreativt kan forestille seg nye muligheter, utforme innovative l\u00f8sninger og tilpasse seg endrede omstendigheter effektivt. Enten det dreier seg om \u00e5 utvikle nye oppl\u00e6ringsprogrammer, utforme inkluderende l\u00e6ringsmilj\u00f8er eller utnytte teknologi for kompetanseutvikling, driver kreativitet deres evne til \u00e5 gj\u00f8re en meningsfull innvirkning i sine yrkesfelt.<\/span><\/p><p><b>Planlegging og organisering: \u00c5 gj\u00f8re visjon til handling<\/b><span style=\"font-weight: 400;\">. Effektive planlegging- og organisasjons ferdigheter er avgj\u00f8rende for \u00e5 oversette ideer til h\u00e5ndterbare planer. VET-studenter m\u00e5 l\u00e6re \u00e5 sette m\u00e5l, prioritere oppgaver, tildele ressurser effektivt og h\u00e5ndtere tidsfrister p\u00e5 en effektiv m\u00e5te. Ved \u00e5 utvikle strukturerte planer og overv\u00e5ke fremdriften, forbedrer de sin evne til \u00e5 gjennomf\u00f8re prosjekter vellykket og oppn\u00e5 \u00f8nskede resultater innenfor rammen av sosialt entrepren\u00f8rskap.<\/span><\/p><p><b>Teamwork og samarbeid:<\/b><span style=\"font-weight: 400;\"> Samarbeid er en grunnstein for suksess innenfor sosialt entrepren\u00f8rskap. VET-studenter m\u00e5 omfavne teamwork, samarbeid og kollektiv probleml\u00f8sning for \u00e5 takle komplekse samfunnsutfordringer. Ved \u00e5 arbeide samarbeidsvillig i mangfoldige team kan de dra nytte av kollektiv ekspertise, perspektiver og ressurser for \u00e5 skape skalerbare og b\u00e6rekraftige l\u00f8sninger som gavner samfunn og bransjer.<\/span><\/p><p><b>Den bredere p\u00e5virkningen av ferdigheter innen sosialt entrepren\u00f8rskap.<\/b><span style=\"font-weight: 400;\"> Mens fokuset p\u00e5 ferdigheter innen sosialt entrepren\u00f8rskap forbereder VET-studenter p\u00e5 entrepren\u00f8rskapsinitiativer, har disse ferdighetene bredere bruksomr\u00e5der p\u00e5 tvers av ulike yrkessektorer. Enten de forf\u00f8lger karrierer innen gjestfrihet, IT, helsevesen eller bygg og anlegg, forblir evnen til \u00e5 v\u00e6re proaktiv, kommunisere effektivt, h\u00e5ndtere stress, tenke kreativt, planlegge strategisk og samarbeide med andre uvurderlig. I essens, ved \u00e5 integrere ferdigheter innen sosialt entrepren\u00f8rskap i VET-utdanningen, gir det studentene mulighet til \u00e5 bli proaktive, innovative og samfunnsansvarlige profesjonelle. Ved \u00e5 perfeksjonere disse ferdighetene forbedrer VET-studenter ikke bare sin ansettbarhet og entrepren\u00f8rielle potensial, men bidrar ogs\u00e5 meningsfylt til \u00e5 adressere samfunnsutfordringer og fremme inkluderende \u00f8konomisk vekst.<\/span><\/p><p><\/p>\t\t\t\t\t\t\t\t<\/div>\n\t\t\t\t<\/div>\n\t\t\t\t\t<\/div>\n\t\t<\/div>\n\t\t\t\t\t<\/div>\n\t\t<\/section>\n\t\t\t\t<section class=\"elementor-section elementor-top-section elementor-element elementor-element-137e08c elementor-section-boxed elementor-section-height-default elementor-section-height-default\" data-id=\"137e08c\" data-element_type=\"section\" data-e-type=\"section\">\n\t\t\t\t\t\t<div class=\"elementor-container elementor-column-gap-default\">\n\t\t\t\t\t<div class=\"elementor-column elementor-col-33 elementor-top-column elementor-element elementor-element-298e9af\" data-id=\"298e9af\" data-element_type=\"column\" data-e-type=\"column\">\n\t\t\t<div class=\"elementor-widget-wrap elementor-element-populated\">\n\t\t\t\t\t\t<div class=\"elementor-element elementor-element-e3006bb elementor-widget elementor-widget-spacer\" data-id=\"e3006bb\" data-element_type=\"widget\" data-e-type=\"widget\" data-widget_type=\"spacer.default\">\n\t\t\t\t<div class=\"elementor-widget-container\">\n\t\t\t\t\t\t\t<div class=\"elementor-spacer\">\n\t\t\t<div class=\"elementor-spacer-inner\"><\/div>\n\t\t<\/div>\n\t\t\t\t\t\t<\/div>\n\t\t\t\t<\/div>\n\t\t\t\t<div class=\"elementor-element elementor-element-692c934 elementor-widget elementor-widget-image\" data-id=\"692c934\" data-element_type=\"widget\" data-e-type=\"widget\" data-widget_type=\"image.default\">\n\t\t\t\t<div class=\"elementor-widget-container\">\n\t\t\t\t\t\t\t\t\t\t\t\t\t\t\t<img decoding=\"async\" width=\"300\" height=\"67\" src=\"https:\/\/remind-project.eu\/wp-content\/uploads\/2022\/01\/era-300x67-1.png\" class=\"attachment-large size-large wp-image-120\" alt=\"\" \/>\t\t\t\t\t\t\t\t\t\t\t\t\t\t\t<\/div>\n\t\t\t\t<\/div>\n\t\t\t\t<div class=\"elementor-element elementor-element-8a5e7b2 elementor-widget elementor-widget-text-editor\" data-id=\"8a5e7b2\" data-element_type=\"widget\" data-e-type=\"widget\" data-widget_type=\"text-editor.default\">\n\t\t\t\t<div class=\"elementor-widget-container\">\n\t\t\t\t\t\t\t\t\t<p>Finansiert av Den europeiske union. Synspunktene og meningene som kommer til uttrykk, er imidlertid kun forfatternes egne og gjenspeiler ikke n\u00f8dvendigvis synspunktene til EU eller European Education and Culture Executive Agency (EACEA). Verken EU eller EACEA kan holdes ansvarlig for dem. 2021-1-NO01-KA220-VET-000033203<\/p>\t\t\t\t\t\t\t\t<\/div>\n\t\t\t\t<\/div>\n\t\t\t\t\t<\/div>\n\t\t<\/div>\n\t\t\t\t<div class=\"elementor-column elementor-col-33 elementor-top-column elementor-element elementor-element-ef8d422\" data-id=\"ef8d422\" data-element_type=\"column\" data-e-type=\"column\">\n\t\t\t<div class=\"elementor-widget-wrap\">\n\t\t\t\t\t\t\t<\/div>\n\t\t<\/div>\n\t\t\t\t<div class=\"elementor-column elementor-col-33 elementor-top-column elementor-element elementor-element-84da8ff\" data-id=\"84da8ff\" data-element_type=\"column\" data-e-type=\"column\">\n\t\t\t<div class=\"elementor-widget-wrap elementor-element-populated\">\n\t\t\t\t\t\t<div class=\"elementor-element elementor-element-6503621 elementor-widget elementor-widget-spacer\" data-id=\"6503621\" data-element_type=\"widget\" data-e-type=\"widget\" data-widget_type=\"spacer.default\">\n\t\t\t\t<div class=\"elementor-widget-container\">\n\t\t\t\t\t\t\t<div class=\"elementor-spacer\">\n\t\t\t<div class=\"elementor-spacer-inner\"><\/div>\n\t\t<\/div>\n\t\t\t\t\t\t<\/div>\n\t\t\t\t<\/div>\n\t\t\t\t<div class=\"elementor-element elementor-element-91746ce elementor-widget elementor-widget-image\" data-id=\"91746ce\" data-element_type=\"widget\" data-e-type=\"widget\" data-widget_type=\"image.default\">\n\t\t\t\t<div class=\"elementor-widget-container\">\n\t\t\t\t\t\t\t\t\t\t\t\t\t\t\t\t<a href=\"http:\/\/remind-project.eu\/\">\n\t\t\t\t\t\t\t<img decoding=\"async\" width=\"101\" height=\"101\" src=\"https:\/\/remind-project.eu\/wp-content\/uploads\/2022\/01\/xxxxsmall.png\" class=\"attachment-thumbnail size-thumbnail wp-image-11\" alt=\"\" \/>\t\t\t\t\t\t\t\t<\/a>\n\t\t\t\t\t\t\t\t\t\t\t\t\t\t\t<\/div>\n\t\t\t\t<\/div>\n\t\t\t\t<div class=\"elementor-element elementor-element-d27aaa4 elementor-widget elementor-widget-text-editor\" data-id=\"d27aaa4\" data-element_type=\"widget\" data-e-type=\"widget\" data-widget_type=\"text-editor.default\">\n\t\t\t\t<div class=\"elementor-widget-container\">\n\t\t\t\t\t\t\t\t\t<a style=\"color: #073b4c;\" href=\"http:\/\/remind-project.eu\/index.php\/terms-of-use\/\" target=\"_blank\" rel=\"noopener\">Terms of Use<\/a>\t\t\t\t\t\t\t\t<\/div>\n\t\t\t\t<\/div>\n\t\t\t\t<div class=\"elementor-element elementor-element-17531aa elementor-shape-circle e-grid-align-right elementor-grid-0 elementor-widget elementor-widget-social-icons\" data-id=\"17531aa\" data-element_type=\"widget\" data-e-type=\"widget\" data-widget_type=\"social-icons.default\">\n\t\t\t\t<div class=\"elementor-widget-container\">\n\t\t\t\t\t\t\t<div class=\"elementor-social-icons-wrapper elementor-grid\" role=\"list\">\n\t\t\t\t\t\t\t<span class=\"elementor-grid-item\" role=\"listitem\">\n\t\t\t\t\t<a class=\"elementor-icon elementor-social-icon elementor-social-icon-instagram elementor-animation-grow elementor-repeater-item-3985a65\" href=\"https:\/\/www.instagram.com\/remind.project22\/\" target=\"_blank\">\n\t\t\t\t\t\t<span class=\"elementor-screen-only\">Instagram<\/span>\n\t\t\t\t\t\t<i aria-hidden=\"true\" class=\"fab fa-instagram\"><\/i>\t\t\t\t\t<\/a>\n\t\t\t\t<\/span>\n\t\t\t\t\t\t\t<span class=\"elementor-grid-item\" role=\"listitem\">\n\t\t\t\t\t<a class=\"elementor-icon elementor-social-icon elementor-social-icon-facebook elementor-animation-grow elementor-repeater-item-e5ffdf7\" href=\"https:\/\/www.facebook.com\/r.e.mind.eu\/\" target=\"_blank\">\n\t\t\t\t\t\t<span class=\"elementor-screen-only\">Facebook<\/span>\n\t\t\t\t\t\t<i aria-hidden=\"true\" class=\"fab fa-facebook\"><\/i>\t\t\t\t\t<\/a>\n\t\t\t\t<\/span>\n\t\t\t\t\t\t\t<span class=\"elementor-grid-item\" role=\"listitem\">\n\t\t\t\t\t<a class=\"elementor-icon elementor-social-icon elementor-social-icon-linkedin-in elementor-animation-grow elementor-repeater-item-bf98e96\" href=\"https:\/\/www.linkedin.com\/showcase\/82002459\/admin\/\" target=\"_blank\">\n\t\t\t\t\t\t<span class=\"elementor-screen-only\">Linkedin-in<\/span>\n\t\t\t\t\t\t<i aria-hidden=\"true\" class=\"fab fa-linkedin-in\"><\/i>\t\t\t\t\t<\/a>\n\t\t\t\t<\/span>\n\t\t\t\t\t<\/div>\n\t\t\t\t\t\t<\/div>\n\t\t\t\t<\/div>\n\t\t\t\t\t<\/div>\n\t\t<\/div>\n\t\t\t\t\t<\/div>\n\t\t<\/section>\n\t\t\t\t<section class=\"elementor-section elementor-top-section elementor-element elementor-element-23668f3 elementor-section-boxed elementor-section-height-default elementor-section-height-default\" data-id=\"23668f3\" data-element_type=\"section\" data-e-type=\"section\">\n\t\t\t\t\t\t<div class=\"elementor-container elementor-column-gap-default\">\n\t\t\t\t\t<div class=\"elementor-column elementor-col-100 elementor-top-column elementor-element elementor-element-def60a1\" data-id=\"def60a1\" data-element_type=\"column\" data-e-type=\"column\">\n\t\t\t<div class=\"elementor-widget-wrap elementor-element-populated\">\n\t\t\t\t\t\t<div class=\"elementor-element elementor-element-b9f35c8 elementor-widget-divider--view-line elementor-widget elementor-widget-divider\" data-id=\"b9f35c8\" data-element_type=\"widget\" data-e-type=\"widget\" data-widget_type=\"divider.default\">\n\t\t\t\t<div class=\"elementor-widget-container\">\n\t\t\t\t\t\t\t<div class=\"elementor-divider\">\n\t\t\t<span class=\"elementor-divider-separator\">\n\t\t\t\t\t\t<\/span>\n\t\t<\/div>\n\t\t\t\t\t\t<\/div>\n\t\t\t\t<\/div>\n\t\t\t\t\t<\/div>\n\t\t<\/div>\n\t\t\t\t\t<\/div>\n\t\t<\/section>\n\t\t\t\t<section class=\"elementor-section elementor-top-section elementor-element elementor-element-9e020e1 elementor-section-boxed elementor-section-height-default elementor-section-height-default\" data-id=\"9e020e1\" data-element_type=\"section\" data-e-type=\"section\">\n\t\t\t\t\t\t<div class=\"elementor-container elementor-column-gap-default\">\n\t\t\t\t\t<div class=\"elementor-column elementor-col-33 elementor-top-column elementor-element elementor-element-d4cc90c\" data-id=\"d4cc90c\" data-element_type=\"column\" data-e-type=\"column\">\n\t\t\t<div class=\"elementor-widget-wrap elementor-element-populated\">\n\t\t\t\t\t\t<div class=\"elementor-element elementor-element-4ad8140 elementor-widget elementor-widget-text-editor\" data-id=\"4ad8140\" data-element_type=\"widget\" data-e-type=\"widget\" data-widget_type=\"text-editor.default\">\n\t\t\t\t<div class=\"elementor-widget-container\">\n\t\t\t\t\t\t\t\t\t<span style=\"color: #000; font-family: Poppins, sans-serif; font-size: 15px;\">Copyright \u00a9 2022 RE.Mind. All Rights Reserved<\/span>\t\t\t\t\t\t\t\t<\/div>\n\t\t\t\t<\/div>\n\t\t\t\t\t<\/div>\n\t\t<\/div>\n\t\t\t\t<div class=\"elementor-column elementor-col-33 elementor-top-column elementor-element elementor-element-e9b10ce\" data-id=\"e9b10ce\" data-element_type=\"column\" data-e-type=\"column\">\n\t\t\t<div class=\"elementor-widget-wrap\">\n\t\t\t\t\t\t\t<\/div>\n\t\t<\/div>\n\t\t\t\t<div class=\"elementor-column elementor-col-33 elementor-top-column elementor-element elementor-element-b3d5982\" data-id=\"b3d5982\" data-element_type=\"column\" data-e-type=\"column\">\n\t\t\t<div class=\"elementor-widget-wrap elementor-element-populated\">\n\t\t\t\t\t\t<div class=\"elementor-element elementor-element-c79ba81 elementor-widget elementor-widget-text-editor\" data-id=\"c79ba81\" data-element_type=\"widget\" data-e-type=\"widget\" data-widget_type=\"text-editor.default\">\n\t\t\t\t<div class=\"elementor-widget-container\">\n\t\t\t\t\t\t\t\t\t<span style=\"color: #000; font-family: Poppins, sans-serif; font-size: 15px; text-align: right;\">Powered by\u00a0<\/span><a style=\"color: #000; background-color: #ffffff; font-family: Poppins, sans-serif; font-size: 15px; text-align: right;\" href=\"https:\/\/innovationhive.eu\/\" target=\"_blank\" rel=\"noopener\">Innovation Hive<\/a>\t\t\t\t\t\t\t\t<\/div>\n\t\t\t\t<\/div>\n\t\t\t\t\t<\/div>\n\t\t<\/div>\n\t\t\t\t\t<\/div>\n\t\t<\/section>\n\t\t\t\t<\/div>\n\t\t","protected":false},"excerpt":{"rendered":"<p>\u00c5 styrke VET-studenter med ferdigheter innen sosialt entrepren\u00f8rskap I det stadig skiftende landskapet innen yrkesfaglig oppl\u00e6ring og trening (VET) kan [&hellip;]<\/p>\n","protected":false},"author":1,"featured_media":0,"parent":0,"menu_order":0,"comment_status":"closed","ping_status":"closed","template":"page-templates\/template_page-builder.php","meta":{"_monsterinsights_skip_tracking":false,"_monsterinsights_sitenote_active":false,"_monsterinsights_sitenote_note":"","_monsterinsights_sitenote_category":0,"_uf_show_specific_survey":0,"_uf_disable_surveys":false,"footnotes":""},"class_list":["post-1850","page","type-page","status-publish","hentry"],"aioseo_notices":[],"_links":{"self":[{"href":"https:\/\/remind-project.eu\/index.php\/wp-json\/wp\/v2\/pages\/1850","targetHints":{"allow":["GET"]}}],"collection":[{"href":"https:\/\/remind-project.eu\/index.php\/wp-json\/wp\/v2\/pages"}],"about":[{"href":"https:\/\/remind-project.eu\/index.php\/wp-json\/wp\/v2\/types\/page"}],"author":[{"embeddable":true,"href":"https:\/\/remind-project.eu\/index.php\/wp-json\/wp\/v2\/users\/1"}],"replies":[{"embeddable":true,"href":"https:\/\/remind-project.eu\/index.php\/wp-json\/wp\/v2\/comments?post=1850"}],"version-history":[{"count":4,"href":"https:\/\/remind-project.eu\/index.php\/wp-json\/wp\/v2\/pages\/1850\/revisions"}],"predecessor-version":[{"id":1854,"href":"https:\/\/remind-project.eu\/index.php\/wp-json\/wp\/v2\/pages\/1850\/revisions\/1854"}],"wp:attachment":[{"href":"https:\/\/remind-project.eu\/index.php\/wp-json\/wp\/v2\/media?parent=1850"}],"curies":[{"name":"wp","href":"https:\/\/api.w.org\/{rel}","templated":true}]}}