{"id":1867,"date":"2024-04-02T09:45:45","date_gmt":"2024-04-02T09:45:45","guid":{"rendered":"https:\/\/remind-project.eu\/?page_id=1867"},"modified":"2024-04-02T09:46:39","modified_gmt":"2024-04-02T09:46:39","slug":"donner-aux-eleves-des-filieres-professionnelles-les-moyens-dacquerir-des-competences-en-matiere-dentrepreneuriat-social","status":"publish","type":"page","link":"https:\/\/remind-project.eu\/index.php\/fr\/donner-aux-eleves-des-filieres-professionnelles-les-moyens-dacquerir-des-competences-en-matiere-dentrepreneuriat-social\/","title":{"rendered":"Donner aux \u00e9l\u00e8ves des fili\u00e8res professionnelles les moyens d&#8217;acqu\u00e9rir des comp\u00e9tences en mati\u00e8re d&#8217;entrepreneuriat social"},"content":{"rendered":"\t\t<div data-elementor-type=\"wp-page\" data-elementor-id=\"1867\" class=\"elementor elementor-1867\">\n\t\t\t\t\t\t<section class=\"elementor-section elementor-top-section elementor-element elementor-element-7bfff89 elementor-section-boxed elementor-section-height-default elementor-section-height-default\" data-id=\"7bfff89\" data-element_type=\"section\" data-e-type=\"section\" data-settings=\"{&quot;background_background&quot;:&quot;classic&quot;,&quot;shape_divider_bottom&quot;:&quot;mountains&quot;}\">\n\t\t\t\t\t\t\t<div class=\"elementor-background-overlay\"><\/div>\n\t\t\t\t\t\t<div class=\"elementor-shape elementor-shape-bottom\" aria-hidden=\"true\" data-negative=\"false\">\n\t\t\t<svg xmlns=\"http:\/\/www.w3.org\/2000\/svg\" viewBox=\"0 0 1000 100\" preserveAspectRatio=\"none\">\n\t<path class=\"elementor-shape-fill\" opacity=\"0.33\" d=\"M473,67.3c-203.9,88.3-263.1-34-320.3,0C66,119.1,0,59.7,0,59.7V0h1000v59.7 c0,0-62.1,26.1-94.9,29.3c-32.8,3.3-62.8-12.3-75.8-22.1C806,49.6,745.3,8.7,694.9,4.7S492.4,59,473,67.3z\"\/>\n\t<path class=\"elementor-shape-fill\" opacity=\"0.66\" d=\"M734,67.3c-45.5,0-77.2-23.2-129.1-39.1c-28.6-8.7-150.3-10.1-254,39.1 s-91.7-34.4-149.2,0C115.7,118.3,0,39.8,0,39.8V0h1000v36.5c0,0-28.2-18.5-92.1-18.5C810.2,18.1,775.7,67.3,734,67.3z\"\/>\n\t<path class=\"elementor-shape-fill\" d=\"M766.1,28.9c-200-57.5-266,65.5-395.1,19.5C242,1.8,242,5.4,184.8,20.6C128,35.8,132.3,44.9,89.9,52.5C28.6,63.7,0,0,0,0 h1000c0,0-9.9,40.9-83.6,48.1S829.6,47,766.1,28.9z\"\/>\n<\/svg>\t\t<\/div>\n\t\t\t\t\t<div class=\"elementor-container elementor-column-gap-default\">\n\t\t\t\t\t<div class=\"elementor-column elementor-col-100 elementor-top-column elementor-element elementor-element-aeb3c87\" data-id=\"aeb3c87\" data-element_type=\"column\" data-e-type=\"column\">\n\t\t\t<div class=\"elementor-widget-wrap elementor-element-populated\">\n\t\t\t\t\t\t<div class=\"elementor-element elementor-element-1f3dc79 elementor-widget__width-initial elementor-widget elementor-widget-spacer\" data-id=\"1f3dc79\" data-element_type=\"widget\" data-e-type=\"widget\" data-widget_type=\"spacer.default\">\n\t\t\t\t<div class=\"elementor-widget-container\">\n\t\t\t\t\t\t\t<div class=\"elementor-spacer\">\n\t\t\t<div class=\"elementor-spacer-inner\"><\/div>\n\t\t<\/div>\n\t\t\t\t\t\t<\/div>\n\t\t\t\t<\/div>\n\t\t\t\t<div class=\"elementor-element elementor-element-42d70de elementor-widget elementor-widget-heading\" data-id=\"42d70de\" data-element_type=\"widget\" data-e-type=\"widget\" data-widget_type=\"heading.default\">\n\t\t\t\t<div class=\"elementor-widget-container\">\n\t\t\t\t\t<h2 class=\"elementor-heading-title elementor-size-default\">Donner aux \u00e9l\u00e8ves des fili\u00e8res professionnelles les moyens d'acqu\u00e9rir des comp\u00e9tences en mati\u00e8re d'entrepreneuriat social<\/h2>\t\t\t\t<\/div>\n\t\t\t\t<\/div>\n\t\t\t\t<div class=\"elementor-element elementor-element-a53367f elementor-widget elementor-widget-spacer\" data-id=\"a53367f\" data-element_type=\"widget\" data-e-type=\"widget\" data-widget_type=\"spacer.default\">\n\t\t\t\t<div class=\"elementor-widget-container\">\n\t\t\t\t\t\t\t<div class=\"elementor-spacer\">\n\t\t\t<div class=\"elementor-spacer-inner\"><\/div>\n\t\t<\/div>\n\t\t\t\t\t\t<\/div>\n\t\t\t\t<\/div>\n\t\t\t\t\t<\/div>\n\t\t<\/div>\n\t\t\t\t\t<\/div>\n\t\t<\/section>\n\t\t\t\t<section class=\"elementor-section elementor-top-section elementor-element elementor-element-9ffed03 elementor-section-boxed elementor-section-height-default elementor-section-height-default\" data-id=\"9ffed03\" data-element_type=\"section\" data-e-type=\"section\">\n\t\t\t\t\t\t<div class=\"elementor-container elementor-column-gap-default\">\n\t\t\t\t\t<div class=\"elementor-column elementor-col-100 elementor-top-column elementor-element elementor-element-75b5399\" data-id=\"75b5399\" data-element_type=\"column\" data-e-type=\"column\">\n\t\t\t<div class=\"elementor-widget-wrap elementor-element-populated\">\n\t\t\t\t\t\t<div class=\"elementor-element elementor-element-9e1c5ee elementor-widget elementor-widget-spacer\" data-id=\"9e1c5ee\" data-element_type=\"widget\" data-e-type=\"widget\" data-widget_type=\"spacer.default\">\n\t\t\t\t<div class=\"elementor-widget-container\">\n\t\t\t\t\t\t\t<div class=\"elementor-spacer\">\n\t\t\t<div class=\"elementor-spacer-inner\"><\/div>\n\t\t<\/div>\n\t\t\t\t\t\t<\/div>\n\t\t\t\t<\/div>\n\t\t\t\t<section class=\"elementor-section elementor-inner-section elementor-element elementor-element-67d1911 elementor-section-boxed elementor-section-height-default elementor-section-height-default\" data-id=\"67d1911\" data-element_type=\"section\" data-e-type=\"section\">\n\t\t\t\t\t\t<div class=\"elementor-container elementor-column-gap-default\">\n\t\t\t\t\t<div class=\"elementor-column elementor-col-50 elementor-inner-column elementor-element elementor-element-70ca431\" data-id=\"70ca431\" data-element_type=\"column\" data-e-type=\"column\">\n\t\t\t<div class=\"elementor-widget-wrap elementor-element-populated\">\n\t\t\t\t\t\t<div class=\"elementor-element elementor-element-48df04b elementor-widget__width-initial elementor-widget elementor-widget-text-editor\" data-id=\"48df04b\" data-element_type=\"widget\" data-e-type=\"widget\" data-widget_type=\"text-editor.default\">\n\t\t\t\t<div class=\"elementor-widget-container\">\n\t\t\t\t\t\t\t\t\t<p><\/p><p><span style=\"font-weight: 400;\">Dans le paysage en constante \u00e9volution de l&#8217;enseignement professionnel, on ne saurait trop insister sur l&#8217;importance des comp\u00e9tences en mati\u00e8re d&#8217;entrepreneuriat social. Alors que les \u00e9l\u00e8ves des fili\u00e8res professionnelles se pr\u00e9parent \u00e0 entrer dans un monde fa\u00e7onn\u00e9 par des avanc\u00e9es technologiques rapides et des questions sociales complexes, les doter d&#8217;un ensemble de comp\u00e9tences diverses va au-del\u00e0 de l&#8217;apprentissage acad\u00e9mique traditionnel. Parmi les comp\u00e9tences cruciales pour r\u00e9ussir dans une \u00e9conomie sociale figurent la proactivit\u00e9, la communication interpersonnelle, la tol\u00e9rance au stress, la cr\u00e9ativit\u00e9, la planification et l&#8217;organisation, ainsi que le travail d&#8217;\u00e9quipe et la coop\u00e9ration.<\/span><\/p><p><\/p>\t\t\t\t\t\t\t\t<\/div>\n\t\t\t\t<\/div>\n\t\t\t\t\t<\/div>\n\t\t<\/div>\n\t\t\t\t<div class=\"elementor-column elementor-col-50 elementor-inner-column elementor-element elementor-element-96013b5\" data-id=\"96013b5\" data-element_type=\"column\" data-e-type=\"column\">\n\t\t\t<div class=\"elementor-widget-wrap elementor-element-populated\">\n\t\t\t\t\t\t<div class=\"elementor-element elementor-element-f87aa04 elementor-widget elementor-widget-image\" data-id=\"f87aa04\" data-element_type=\"widget\" data-e-type=\"widget\" data-widget_type=\"image.default\">\n\t\t\t\t<div class=\"elementor-widget-container\">\n\t\t\t\t\t\t\t\t\t\t\t\t\t\t\t<img fetchpriority=\"high\" decoding=\"async\" width=\"1024\" height=\"688\" src=\"https:\/\/remind-project.eu\/wp-content\/uploads\/2024\/04\/city-committed-education-collage-concept-1024x688.jpg\" class=\"attachment-large size-large wp-image-1792\" alt=\"\" srcset=\"https:\/\/remind-project.eu\/wp-content\/uploads\/2024\/04\/city-committed-education-collage-concept-1024x688.jpg 1024w, https:\/\/remind-project.eu\/wp-content\/uploads\/2024\/04\/city-committed-education-collage-concept-300x202.jpg 300w, https:\/\/remind-project.eu\/wp-content\/uploads\/2024\/04\/city-committed-education-collage-concept-768x516.jpg 768w, https:\/\/remind-project.eu\/wp-content\/uploads\/2024\/04\/city-committed-education-collage-concept-1536x1033.jpg 1536w, https:\/\/remind-project.eu\/wp-content\/uploads\/2024\/04\/city-committed-education-collage-concept-2048x1377.jpg 2048w, https:\/\/remind-project.eu\/wp-content\/uploads\/2024\/04\/city-committed-education-collage-concept-720x484.jpg 720w\" sizes=\"(max-width: 1024px) 100vw, 1024px\" \/>\t\t\t\t\t\t\t\t\t\t\t\t\t\t\t<\/div>\n\t\t\t\t<\/div>\n\t\t\t\t\t<\/div>\n\t\t<\/div>\n\t\t\t\t\t<\/div>\n\t\t<\/section>\n\t\t\t\t<div class=\"elementor-element elementor-element-3071ecb elementor-widget elementor-widget-text-editor\" data-id=\"3071ecb\" data-element_type=\"widget\" data-e-type=\"widget\" data-widget_type=\"text-editor.default\">\n\t\t\t\t<div class=\"elementor-widget-container\">\n\t\t\t\t\t\t\t\t\t<p><\/p><p><b>Proactivit\u00e9 : conduire le changement par la prise d&#8217;initiatives<\/b><\/p><p><span style=\"font-weight: 400;\">La proactivit\u00e9 consiste \u00e0 prendre des initiatives et \u00e0 \u00eatre proactif dans l&#8217;identification des d\u00e9fis et des opportunit\u00e9s. Dans le contexte de l&#8217;entrepreneuriat social, les jeunes proactifs peuvent jouer un r\u00f4le central en r\u00e9pondant aux besoins de la communaut\u00e9, en cr\u00e9ant des solutions innovantes et en plaidant en faveur d&#8217;un changement positif dans leur secteur professionnel. En anticipant les tendances et en prenant des mesures proactives, ils se positionnent comme des agents du changement plut\u00f4t que comme des observateurs passifs.<\/span><\/p><p><b>Communication interpersonnelle : construire des r\u00e9seaux de collaboration<\/b><\/p><p><span style=\"font-weight: 400;\">Une communication efficace et des comp\u00e9tences interpersonnelles sont essentielles pour \u00e9tablir des liens significatifs et construire des r\u00e9seaux de collaboration. Les jeunes en formation professionnelle doivent s&#8217;engager aupr\u00e8s de diverses parties prenantes telles que les employeurs, les coll\u00e8gues, les d\u00e9cideurs politiques et les membres de la communaut\u00e9. De solides comp\u00e9tences en relations humaines leur permettent de naviguer dans des relations complexes, de n\u00e9gocier efficacement et de favoriser des partenariats qui ont un impact social et promeuvent le d\u00e9veloppement durable.<\/span><\/p><p><b>Tol\u00e9rance au stress : La r\u00e9silience dans l&#8217;adversit\u00e9<\/b><\/p><p><span style=\"font-weight: 400;\">Le parcours de l&#8217;entrepreneuriat, qu&#8217;il soit social ou commercial, est souvent sem\u00e9 d&#8217;emb\u00fbches et d&#8217;incertitudes. Le d\u00e9veloppement de la tol\u00e9rance au stress et de la r\u00e9silience est essentiel pour les jeunes qui rencontrent des obstacles et des revers tout au long de leur parcours professionnel. En cultivant des strat\u00e9gies d&#8217;adaptation, en recherchant un mentorat et en conservant un \u00e9tat d&#8217;esprit positif, ils peuvent faire face \u00e0 l&#8217;adversit\u00e9 avec r\u00e9silience et continuer \u00e0 poursuivre leurs objectifs avec d\u00e9termination.<\/span><\/p><p><b>Cr\u00e9ativit\u00e9 : faire \u00e9merger des solutions innovantes<\/b><\/p><p><span style=\"font-weight: 400;\">La cr\u00e9ativit\u00e9 est un puissant moteur d&#8217;innovation et de r\u00e9solution de probl\u00e8mes. Les jeunes qui pensent de mani\u00e8re cr\u00e9ative peuvent envisager de nouvelles possibilit\u00e9s, concevoir des solutions innovantes et s&#8217;adapter efficacement \u00e0 des circonstances changeantes. Qu&#8217;il s&#8217;agisse d&#8217;\u00e9laborer de nouveaux programmes de formation, de concevoir des environnements d&#8217;apprentissage inclusifs ou de mettre la technologie au service du d\u00e9veloppement des comp\u00e9tences, la cr\u00e9ativit\u00e9 alimente leur capacit\u00e9 \u00e0 avoir un impact significatif dans leur domaine professionnel.<\/span><\/p><p><b>Planification et organisation : Transformer la vision en action<\/b><\/p><p><span style=\"font-weight: 400;\">Des comp\u00e9tences efficaces en mati\u00e8re de planification et d&#8217;organisation sont essentielles pour traduire les id\u00e9es en plans r\u00e9alisables. Les jeunes doivent apprendre \u00e0 fixer des objectifs, \u00e0 hi\u00e9rarchiser les t\u00e2ches, \u00e0 allouer efficacement les ressources et \u00e0 g\u00e9rer efficacement les d\u00e9lais. En \u00e9laborant des plans structur\u00e9s et en suivant les progr\u00e8s r\u00e9alis\u00e9s, ils am\u00e9liorent leur capacit\u00e9 \u00e0 ex\u00e9cuter des projets avec succ\u00e8s et \u00e0 atteindre les r\u00e9sultats souhait\u00e9s dans le paysage de l&#8217;entrepreneuriat social.<\/span><\/p><p><b>Travail d&#8217;\u00e9quipe et coop\u00e9ration : l&#8217;excellence en mati\u00e8re de collaboration<\/b><\/p><p><span style=\"font-weight: 400;\">La coop\u00e9ration est la pierre angulaire de la r\u00e9ussite dans le domaine de l&#8217;entrepreneuriat social. Les jeunes doivent apprendre \u00e0 travailler en \u00e9quipe, \u00e0 coop\u00e9rer et \u00e0 r\u00e9soudre collectivement les probl\u00e8mes afin de relever des d\u00e9fis soci\u00e9taux complexes. En travaillant en coop\u00e9ration au sein d&#8217;\u00e9quipes diverses, ils peuvent tirer parti de l&#8217;expertise, des perspectives et des ressources collectives pour cr\u00e9er des solutions \u00e9volutives et durables qui profitent aussi bien aux communaut\u00e9s qu&#8217;aux secteurs d&#8217;activit\u00e9 \u00e9conomiques.<\/span><\/p><p><b>L&#8217;impact plus large des comp\u00e9tences de l&#8217;entrepreneuriat social<\/b><\/p><p><span style=\"font-weight: 400;\">L&#8217;accent mis sur les comp\u00e9tences en mati\u00e8re d&#8217;entrepreneuriat social pr\u00e9pare les jeunes des fili\u00e8res professionnelles \u00e0 des projets entrepreneuriaux. Mais ces comp\u00e9tences ont des applications plus larges dans divers secteurs professionnels. Qu&#8217;il s&#8217;agisse de carri\u00e8res dans l&#8217;h\u00f4tellerie, les technologies de l&#8217;information, les soins de sant\u00e9 ou la construction, la capacit\u00e9 \u00e0 \u00eatre proactif, \u00e0 communiquer efficacement, \u00e0 g\u00e9rer le stress, \u00e0 penser de mani\u00e8re cr\u00e9ative, \u00e0 planifier strat\u00e9giquement et \u00e0 coop\u00e9rer avec d&#8217;autres reste inestimable.<\/span><\/p><p><span style=\"font-weight: 400;\">Par essence, l&#8217;int\u00e9gration des comp\u00e9tences de l&#8217;entrepreneuriat social dans l&#8217;enseignement professionnel permet aux \u00e9l\u00e8ves de devenir des professionnels proactifs, innovants et socialement responsables. En perfectionnant ces comp\u00e9tences, les jeunes am\u00e9liorent non seulement leur employabilit\u00e9 et leur potentiel entrepreneurial, mais contribuent \u00e9galement de mani\u00e8re significative \u00e0 relever les d\u00e9fis soci\u00e9taux et \u00e0 favoriser une croissance \u00e9conomique inclusive.<\/span><\/p><p><\/p>\t\t\t\t\t\t\t\t<\/div>\n\t\t\t\t<\/div>\n\t\t\t\t\t<\/div>\n\t\t<\/div>\n\t\t\t\t\t<\/div>\n\t\t<\/section>\n\t\t\t\t<section class=\"elementor-section elementor-top-section elementor-element elementor-element-137e08c elementor-section-boxed elementor-section-height-default elementor-section-height-default\" data-id=\"137e08c\" data-element_type=\"section\" data-e-type=\"section\">\n\t\t\t\t\t\t<div class=\"elementor-container elementor-column-gap-default\">\n\t\t\t\t\t<div class=\"elementor-column elementor-col-33 elementor-top-column elementor-element elementor-element-298e9af\" data-id=\"298e9af\" data-element_type=\"column\" data-e-type=\"column\">\n\t\t\t<div class=\"elementor-widget-wrap elementor-element-populated\">\n\t\t\t\t\t\t<div class=\"elementor-element elementor-element-e3006bb elementor-widget elementor-widget-spacer\" data-id=\"e3006bb\" data-element_type=\"widget\" data-e-type=\"widget\" data-widget_type=\"spacer.default\">\n\t\t\t\t<div class=\"elementor-widget-container\">\n\t\t\t\t\t\t\t<div class=\"elementor-spacer\">\n\t\t\t<div class=\"elementor-spacer-inner\"><\/div>\n\t\t<\/div>\n\t\t\t\t\t\t<\/div>\n\t\t\t\t<\/div>\n\t\t\t\t<div class=\"elementor-element elementor-element-692c934 elementor-widget elementor-widget-image\" data-id=\"692c934\" data-element_type=\"widget\" data-e-type=\"widget\" data-widget_type=\"image.default\">\n\t\t\t\t<div class=\"elementor-widget-container\">\n\t\t\t\t\t\t\t\t\t\t\t\t\t\t\t<img decoding=\"async\" width=\"300\" height=\"67\" src=\"https:\/\/remind-project.eu\/wp-content\/uploads\/2022\/01\/era-300x67-1.png\" class=\"attachment-large size-large wp-image-120\" alt=\"\" \/>\t\t\t\t\t\t\t\t\t\t\t\t\t\t\t<\/div>\n\t\t\t\t<\/div>\n\t\t\t\t<div class=\"elementor-element elementor-element-00f8793 elementor-widget elementor-widget-text-editor\" data-id=\"00f8793\" data-element_type=\"widget\" data-e-type=\"widget\" data-widget_type=\"text-editor.default\">\n\t\t\t\t<div class=\"elementor-widget-container\">\n\t\t\t\t\t\t\t\t\t<p>Financ\u00e9 par l\u2019Union europ\u00e9enne. Les points de vue et avis exprim\u00e9s n\u2019engagent toutefois que leur(s) auteur(s) et ne refl\u00e8tent pas n\u00e9cessairement ceux de l\u2019Union europ\u00e9enne ou de l\u2019Agence ex\u00e9cutive europ\u00e9enne pour l\u2019\u00e9ducation et la culture (EACEA). Ni l\u2019Union europ\u00e9enne ni l\u2019EACEA ne sauraient en \u00eatre tenues pour responsables. 2021-1-NO01-KA220-VET-000033203<\/p>\t\t\t\t\t\t\t\t<\/div>\n\t\t\t\t<\/div>\n\t\t\t\t\t<\/div>\n\t\t<\/div>\n\t\t\t\t<div class=\"elementor-column elementor-col-33 elementor-top-column elementor-element elementor-element-ef8d422\" data-id=\"ef8d422\" data-element_type=\"column\" data-e-type=\"column\">\n\t\t\t<div class=\"elementor-widget-wrap\">\n\t\t\t\t\t\t\t<\/div>\n\t\t<\/div>\n\t\t\t\t<div class=\"elementor-column elementor-col-33 elementor-top-column elementor-element elementor-element-84da8ff\" data-id=\"84da8ff\" data-element_type=\"column\" data-e-type=\"column\">\n\t\t\t<div class=\"elementor-widget-wrap elementor-element-populated\">\n\t\t\t\t\t\t<div class=\"elementor-element elementor-element-6503621 elementor-widget elementor-widget-spacer\" data-id=\"6503621\" data-element_type=\"widget\" data-e-type=\"widget\" data-widget_type=\"spacer.default\">\n\t\t\t\t<div class=\"elementor-widget-container\">\n\t\t\t\t\t\t\t<div class=\"elementor-spacer\">\n\t\t\t<div class=\"elementor-spacer-inner\"><\/div>\n\t\t<\/div>\n\t\t\t\t\t\t<\/div>\n\t\t\t\t<\/div>\n\t\t\t\t<div class=\"elementor-element elementor-element-91746ce elementor-widget elementor-widget-image\" data-id=\"91746ce\" data-element_type=\"widget\" data-e-type=\"widget\" data-widget_type=\"image.default\">\n\t\t\t\t<div class=\"elementor-widget-container\">\n\t\t\t\t\t\t\t\t\t\t\t\t\t\t\t\t<a href=\"http:\/\/remind-project.eu\/\">\n\t\t\t\t\t\t\t<img decoding=\"async\" width=\"101\" height=\"101\" src=\"https:\/\/remind-project.eu\/wp-content\/uploads\/2022\/01\/xxxxsmall.png\" class=\"attachment-thumbnail size-thumbnail wp-image-11\" alt=\"\" \/>\t\t\t\t\t\t\t\t<\/a>\n\t\t\t\t\t\t\t\t\t\t\t\t\t\t\t<\/div>\n\t\t\t\t<\/div>\n\t\t\t\t<div class=\"elementor-element elementor-element-d27aaa4 elementor-widget elementor-widget-text-editor\" data-id=\"d27aaa4\" data-element_type=\"widget\" data-e-type=\"widget\" data-widget_type=\"text-editor.default\">\n\t\t\t\t<div class=\"elementor-widget-container\">\n\t\t\t\t\t\t\t\t\t<a style=\"color: #073b4c;\" href=\"http:\/\/remind-project.eu\/index.php\/terms-of-use\/\" target=\"_blank\" rel=\"noopener\">Terms of Use<\/a>\t\t\t\t\t\t\t\t<\/div>\n\t\t\t\t<\/div>\n\t\t\t\t<div class=\"elementor-element elementor-element-17531aa elementor-shape-circle e-grid-align-right elementor-grid-0 elementor-widget elementor-widget-social-icons\" data-id=\"17531aa\" data-element_type=\"widget\" data-e-type=\"widget\" data-widget_type=\"social-icons.default\">\n\t\t\t\t<div class=\"elementor-widget-container\">\n\t\t\t\t\t\t\t<div class=\"elementor-social-icons-wrapper elementor-grid\" role=\"list\">\n\t\t\t\t\t\t\t<span class=\"elementor-grid-item\" role=\"listitem\">\n\t\t\t\t\t<a class=\"elementor-icon elementor-social-icon elementor-social-icon-instagram elementor-animation-grow elementor-repeater-item-3985a65\" href=\"https:\/\/www.instagram.com\/remind.project22\/\" target=\"_blank\">\n\t\t\t\t\t\t<span class=\"elementor-screen-only\">Instagram<\/span>\n\t\t\t\t\t\t<i aria-hidden=\"true\" class=\"fab fa-instagram\"><\/i>\t\t\t\t\t<\/a>\n\t\t\t\t<\/span>\n\t\t\t\t\t\t\t<span class=\"elementor-grid-item\" role=\"listitem\">\n\t\t\t\t\t<a class=\"elementor-icon elementor-social-icon elementor-social-icon-facebook elementor-animation-grow elementor-repeater-item-e5ffdf7\" href=\"https:\/\/www.facebook.com\/r.e.mind.eu\/\" target=\"_blank\">\n\t\t\t\t\t\t<span class=\"elementor-screen-only\">Facebook<\/span>\n\t\t\t\t\t\t<i aria-hidden=\"true\" class=\"fab fa-facebook\"><\/i>\t\t\t\t\t<\/a>\n\t\t\t\t<\/span>\n\t\t\t\t\t\t\t<span class=\"elementor-grid-item\" role=\"listitem\">\n\t\t\t\t\t<a class=\"elementor-icon elementor-social-icon elementor-social-icon-linkedin-in elementor-animation-grow elementor-repeater-item-bf98e96\" href=\"https:\/\/www.linkedin.com\/showcase\/82002459\/admin\/\" target=\"_blank\">\n\t\t\t\t\t\t<span class=\"elementor-screen-only\">Linkedin-in<\/span>\n\t\t\t\t\t\t<i aria-hidden=\"true\" class=\"fab fa-linkedin-in\"><\/i>\t\t\t\t\t<\/a>\n\t\t\t\t<\/span>\n\t\t\t\t\t<\/div>\n\t\t\t\t\t\t<\/div>\n\t\t\t\t<\/div>\n\t\t\t\t\t<\/div>\n\t\t<\/div>\n\t\t\t\t\t<\/div>\n\t\t<\/section>\n\t\t\t\t<section class=\"elementor-section elementor-top-section elementor-element elementor-element-23668f3 elementor-section-boxed elementor-section-height-default elementor-section-height-default\" data-id=\"23668f3\" data-element_type=\"section\" data-e-type=\"section\">\n\t\t\t\t\t\t<div class=\"elementor-container elementor-column-gap-default\">\n\t\t\t\t\t<div class=\"elementor-column elementor-col-100 elementor-top-column elementor-element elementor-element-def60a1\" data-id=\"def60a1\" data-element_type=\"column\" data-e-type=\"column\">\n\t\t\t<div class=\"elementor-widget-wrap elementor-element-populated\">\n\t\t\t\t\t\t<div class=\"elementor-element elementor-element-b9f35c8 elementor-widget-divider--view-line elementor-widget elementor-widget-divider\" data-id=\"b9f35c8\" data-element_type=\"widget\" data-e-type=\"widget\" data-widget_type=\"divider.default\">\n\t\t\t\t<div class=\"elementor-widget-container\">\n\t\t\t\t\t\t\t<div class=\"elementor-divider\">\n\t\t\t<span class=\"elementor-divider-separator\">\n\t\t\t\t\t\t<\/span>\n\t\t<\/div>\n\t\t\t\t\t\t<\/div>\n\t\t\t\t<\/div>\n\t\t\t\t\t<\/div>\n\t\t<\/div>\n\t\t\t\t\t<\/div>\n\t\t<\/section>\n\t\t\t\t<section class=\"elementor-section elementor-top-section elementor-element elementor-element-9e020e1 elementor-section-boxed elementor-section-height-default elementor-section-height-default\" data-id=\"9e020e1\" data-element_type=\"section\" data-e-type=\"section\">\n\t\t\t\t\t\t<div class=\"elementor-container elementor-column-gap-default\">\n\t\t\t\t\t<div class=\"elementor-column elementor-col-33 elementor-top-column elementor-element elementor-element-d4cc90c\" data-id=\"d4cc90c\" data-element_type=\"column\" data-e-type=\"column\">\n\t\t\t<div class=\"elementor-widget-wrap elementor-element-populated\">\n\t\t\t\t\t\t<div class=\"elementor-element elementor-element-4ad8140 elementor-widget elementor-widget-text-editor\" data-id=\"4ad8140\" data-element_type=\"widget\" data-e-type=\"widget\" data-widget_type=\"text-editor.default\">\n\t\t\t\t<div class=\"elementor-widget-container\">\n\t\t\t\t\t\t\t\t\t<span style=\"color: #000; font-family: Poppins, sans-serif; font-size: 15px;\">Copyright \u00a9 2022 RE.Mind. All Rights Reserved<\/span>\t\t\t\t\t\t\t\t<\/div>\n\t\t\t\t<\/div>\n\t\t\t\t\t<\/div>\n\t\t<\/div>\n\t\t\t\t<div class=\"elementor-column elementor-col-33 elementor-top-column elementor-element elementor-element-e9b10ce\" data-id=\"e9b10ce\" data-element_type=\"column\" data-e-type=\"column\">\n\t\t\t<div class=\"elementor-widget-wrap\">\n\t\t\t\t\t\t\t<\/div>\n\t\t<\/div>\n\t\t\t\t<div class=\"elementor-column elementor-col-33 elementor-top-column elementor-element elementor-element-b3d5982\" data-id=\"b3d5982\" data-element_type=\"column\" data-e-type=\"column\">\n\t\t\t<div class=\"elementor-widget-wrap elementor-element-populated\">\n\t\t\t\t\t\t<div class=\"elementor-element elementor-element-c79ba81 elementor-widget elementor-widget-text-editor\" data-id=\"c79ba81\" data-element_type=\"widget\" data-e-type=\"widget\" data-widget_type=\"text-editor.default\">\n\t\t\t\t<div class=\"elementor-widget-container\">\n\t\t\t\t\t\t\t\t\t<span style=\"color: #000; font-family: Poppins, sans-serif; font-size: 15px; text-align: right;\">Powered by\u00a0<\/span><a style=\"color: #000; background-color: #ffffff; font-family: Poppins, sans-serif; font-size: 15px; text-align: right;\" href=\"https:\/\/innovationhive.eu\/\" target=\"_blank\" rel=\"noopener\">Innovation Hive<\/a>\t\t\t\t\t\t\t\t<\/div>\n\t\t\t\t<\/div>\n\t\t\t\t\t<\/div>\n\t\t<\/div>\n\t\t\t\t\t<\/div>\n\t\t<\/section>\n\t\t\t\t<\/div>\n\t\t","protected":false},"excerpt":{"rendered":"<p>Donner aux \u00e9l\u00e8ves des fili\u00e8res professionnelles les moyens d&#8217;acqu\u00e9rir des comp\u00e9tences en mati\u00e8re d&#8217;entrepreneuriat social Dans le paysage en constante [&hellip;]<\/p>\n","protected":false},"author":1,"featured_media":0,"parent":0,"menu_order":0,"comment_status":"closed","ping_status":"closed","template":"page-templates\/template_page-builder.php","meta":{"_monsterinsights_skip_tracking":false,"_monsterinsights_sitenote_active":false,"_monsterinsights_sitenote_note":"","_monsterinsights_sitenote_category":0,"_uf_show_specific_survey":0,"_uf_disable_surveys":false,"footnotes":""},"class_list":["post-1867","page","type-page","status-publish","hentry"],"aioseo_notices":[],"_links":{"self":[{"href":"https:\/\/remind-project.eu\/index.php\/wp-json\/wp\/v2\/pages\/1867","targetHints":{"allow":["GET"]}}],"collection":[{"href":"https:\/\/remind-project.eu\/index.php\/wp-json\/wp\/v2\/pages"}],"about":[{"href":"https:\/\/remind-project.eu\/index.php\/wp-json\/wp\/v2\/types\/page"}],"author":[{"embeddable":true,"href":"https:\/\/remind-project.eu\/index.php\/wp-json\/wp\/v2\/users\/1"}],"replies":[{"embeddable":true,"href":"https:\/\/remind-project.eu\/index.php\/wp-json\/wp\/v2\/comments?post=1867"}],"version-history":[{"count":4,"href":"https:\/\/remind-project.eu\/index.php\/wp-json\/wp\/v2\/pages\/1867\/revisions"}],"predecessor-version":[{"id":1871,"href":"https:\/\/remind-project.eu\/index.php\/wp-json\/wp\/v2\/pages\/1867\/revisions\/1871"}],"wp:attachment":[{"href":"https:\/\/remind-project.eu\/index.php\/wp-json\/wp\/v2\/media?parent=1867"}],"curies":[{"name":"wp","href":"https:\/\/api.w.org\/{rel}","templated":true}]}}