{"id":540,"date":"2022-02-17T08:44:08","date_gmt":"2022-02-17T08:44:08","guid":{"rendered":"http:\/\/remind-project.eu\/?page_id=540"},"modified":"2024-02-29T14:39:45","modified_gmt":"2024-02-29T14:39:45","slug":"projet","status":"publish","type":"page","link":"https:\/\/remind-project.eu\/index.php\/fr\/projet\/","title":{"rendered":"Projet"},"content":{"rendered":"\t\t<div data-elementor-type=\"wp-page\" data-elementor-id=\"540\" class=\"elementor elementor-540\">\n\t\t\t\t\t\t<section class=\"elementor-section elementor-top-section elementor-element elementor-element-0353f1e elementor-section-boxed elementor-section-height-default elementor-section-height-default\" data-id=\"0353f1e\" data-element_type=\"section\" data-e-type=\"section\" data-settings=\"{&quot;background_background&quot;:&quot;classic&quot;}\">\n\t\t\t\t\t\t\t<div class=\"elementor-background-overlay\"><\/div>\n\t\t\t\t\t\t\t<div class=\"elementor-container elementor-column-gap-default\">\n\t\t\t\t\t<div class=\"elementor-column elementor-col-100 elementor-top-column elementor-element elementor-element-ff5b4f9\" data-id=\"ff5b4f9\" data-element_type=\"column\" data-e-type=\"column\">\n\t\t\t<div class=\"elementor-widget-wrap elementor-element-populated\">\n\t\t\t\t\t\t<div class=\"elementor-element elementor-element-e394ec7 elementor-widget elementor-widget-spacer\" data-id=\"e394ec7\" data-element_type=\"widget\" data-e-type=\"widget\" data-widget_type=\"spacer.default\">\n\t\t\t\t<div class=\"elementor-widget-container\">\n\t\t\t\t\t\t\t<div class=\"elementor-spacer\">\n\t\t\t<div class=\"elementor-spacer-inner\"><\/div>\n\t\t<\/div>\n\t\t\t\t\t\t<\/div>\n\t\t\t\t<\/div>\n\t\t\t\t<div class=\"elementor-element elementor-element-081c4ae elementor-widget elementor-widget-heading\" data-id=\"081c4ae\" data-element_type=\"widget\" data-e-type=\"widget\" data-widget_type=\"heading.default\">\n\t\t\t\t<div class=\"elementor-widget-container\">\n\t\t\t\t\t<h2 class=\"elementor-heading-title elementor-size-default\">Projet<\/h2>\t\t\t\t<\/div>\n\t\t\t\t<\/div>\n\t\t\t\t<div class=\"elementor-element elementor-element-c7964d0 elementor-widget elementor-widget-spacer\" data-id=\"c7964d0\" data-element_type=\"widget\" data-e-type=\"widget\" data-widget_type=\"spacer.default\">\n\t\t\t\t<div class=\"elementor-widget-container\">\n\t\t\t\t\t\t\t<div class=\"elementor-spacer\">\n\t\t\t<div class=\"elementor-spacer-inner\"><\/div>\n\t\t<\/div>\n\t\t\t\t\t\t<\/div>\n\t\t\t\t<\/div>\n\t\t\t\t<div class=\"elementor-element elementor-element-a48c66f elementor-widget elementor-widget-text-editor\" data-id=\"a48c66f\" data-element_type=\"widget\" data-e-type=\"widget\" data-widget_type=\"text-editor.default\">\n\t\t\t\t<div class=\"elementor-widget-container\">\n\t\t\t\t\t\t\t\t\t<h3>Project Description<\/h3><p>L\u2019 \u00ab \u00e9conomie sociale et solidaire \u00bb joue un r\u00f4le important dans la gestion et l\u2019att\u00e9nuation des effets \u00e0 court et long terme de la crise COVID-19 sur l\u2019\u00e9conomie et la soci\u00e9t\u00e9. A court terme, les acteurs de l\u2019\u00e9conomie sociale et solidaire ont accompagn\u00e9 la sortie de crise en apportant des solutions innovantes visant \u00e0 renforcer les services publics, en compl\u00e9ment des mesures prises par le gouvernement. Sur le long terme, les organisations de l\u2019\u00e9conomie sociale et solidaire peuvent aider \u00e0 remodeler l\u2019\u00e9conomie d\u2019apr\u00e8s-crise en promouvant des mod\u00e8les \u00e9conomiques inclusifs et durables. Maintenant plus que jamais, il est n\u00e9cessaire de faire face au changement avec un esprit d\u2019entreprise et des comp\u00e9tences \u00e9largies. Il est primordial de favoriser l&#8217;\u00e9mergence d\u2019une culture de l\u2019entreprenariat et d\u2019un \u2018esprit entrepreneurial\u2019 chez les citoyens europ\u00e9ens et surtout chez les jeunes. L\u2019\u00e9ducation et la formation sont les moteurs de ce processus. Tous les apprenants, \u00e9l\u00e8ves comme \u00e9tudiants, devraient avoir acc\u00e8s \u00e0 une formation sur l\u2019entreprenariat qui devrait \u00eatre propos\u00e9e dans tous les parcours d\u2019\u00e9ducation. Le projet RE. MIND aidera les apprenants \u00e0 acqu\u00e9rir les connaissances, comp\u00e9tences et outils n\u00e9cessaires pour voir l\u2019entreprenariat comme une &#8220;d\u00e9marche&#8221; plut\u00f4t qu\u2019une \u00ab fin \u00bb. L&#8217;objectif est de passer d&#8217;une conception de l&#8217;entrepreneuriat en tant que \u00ab mode de gestion d&#8217;une entreprise \u00bb, \u00e0 une vision \u00e9largie au &#8220;d\u00e9veloppement d&#8217;un large \u00e9ventail de comp\u00e9tences et de savoir-\u00eatre \u00bb. De telles comp\u00e9tences \u00e9tant applicables dans tous les domaines de la vie. Ce projet a pour ambition de transf\u00e9rer cette nouvelle conception de l\u2019entreprenariat dans les programmes scolaires, en aidant les enseignants et les \u00e9ducateurs \u00e0 appliquer les m\u00e9thodes ad\u00e9quates pour identifier, analyser et d\u00e9velopper les comp\u00e9tences entrepreneuriales des \u00e9tudiants de l\u2019Enseignement et de la Formation Professionnelle. Ce projet vise \u00e0 obtenir une bonne combinaison entre aspects th\u00e9oriques et pratiques, et \u00e0 supprimer les barri\u00e8res entre le monde des affaires et le secteur \u00e9ducatif.<\/p>\t\t\t\t\t\t\t\t<\/div>\n\t\t\t\t<\/div>\n\t\t\t\t<div class=\"elementor-element elementor-element-7b5944d elementor-widget elementor-widget-spacer\" data-id=\"7b5944d\" data-element_type=\"widget\" data-e-type=\"widget\" data-widget_type=\"spacer.default\">\n\t\t\t\t<div class=\"elementor-widget-container\">\n\t\t\t\t\t\t\t<div class=\"elementor-spacer\">\n\t\t\t<div class=\"elementor-spacer-inner\"><\/div>\n\t\t<\/div>\n\t\t\t\t\t\t<\/div>\n\t\t\t\t<\/div>\n\t\t\t\t<section class=\"elementor-section elementor-inner-section elementor-element elementor-element-fe59e39 elementor-section-boxed elementor-section-height-default elementor-section-height-default\" data-id=\"fe59e39\" data-element_type=\"section\" data-e-type=\"section\">\n\t\t\t\t\t\t<div class=\"elementor-container elementor-column-gap-default\">\n\t\t\t\t\t<div class=\"elementor-column elementor-col-50 elementor-inner-column elementor-element elementor-element-7a092c0\" data-id=\"7a092c0\" data-element_type=\"column\" data-e-type=\"column\">\n\t\t\t<div class=\"elementor-widget-wrap elementor-element-populated\">\n\t\t\t\t\t\t<div class=\"elementor-element elementor-element-8bdfd10 elementor-widget elementor-widget-image\" data-id=\"8bdfd10\" data-element_type=\"widget\" data-e-type=\"widget\" data-widget_type=\"image.default\">\n\t\t\t\t<div class=\"elementor-widget-container\">\n\t\t\t\t\t\t\t\t\t\t\t\t\t\t\t<img fetchpriority=\"high\" decoding=\"async\" width=\"1024\" height=\"683\" src=\"https:\/\/remind-project.eu\/wp-content\/uploads\/2022\/01\/priscilla-du-preez-OEdkPaxYMXU-unsplash-1024x683.jpg\" class=\"attachment-large size-large wp-image-115\" alt=\"\" srcset=\"https:\/\/remind-project.eu\/wp-content\/uploads\/2022\/01\/priscilla-du-preez-OEdkPaxYMXU-unsplash-1024x683.jpg 1024w, https:\/\/remind-project.eu\/wp-content\/uploads\/2022\/01\/priscilla-du-preez-OEdkPaxYMXU-unsplash-300x200.jpg 300w, https:\/\/remind-project.eu\/wp-content\/uploads\/2022\/01\/priscilla-du-preez-OEdkPaxYMXU-unsplash-768x512.jpg 768w, https:\/\/remind-project.eu\/wp-content\/uploads\/2022\/01\/priscilla-du-preez-OEdkPaxYMXU-unsplash-1536x1024.jpg 1536w, https:\/\/remind-project.eu\/wp-content\/uploads\/2022\/01\/priscilla-du-preez-OEdkPaxYMXU-unsplash-2048x1365.jpg 2048w, https:\/\/remind-project.eu\/wp-content\/uploads\/2022\/01\/priscilla-du-preez-OEdkPaxYMXU-unsplash-720x480.jpg 720w\" sizes=\"(max-width: 1024px) 100vw, 1024px\" \/>\t\t\t\t\t\t\t\t\t\t\t\t\t\t\t<\/div>\n\t\t\t\t<\/div>\n\t\t\t\t<div class=\"elementor-element elementor-element-81dbec6 elementor-widget elementor-widget-spacer\" data-id=\"81dbec6\" data-element_type=\"widget\" data-e-type=\"widget\" data-widget_type=\"spacer.default\">\n\t\t\t\t<div class=\"elementor-widget-container\">\n\t\t\t\t\t\t\t<div class=\"elementor-spacer\">\n\t\t\t<div class=\"elementor-spacer-inner\"><\/div>\n\t\t<\/div>\n\t\t\t\t\t\t<\/div>\n\t\t\t\t<\/div>\n\t\t\t\t\t<\/div>\n\t\t<\/div>\n\t\t\t\t<div class=\"elementor-column elementor-col-50 elementor-inner-column elementor-element elementor-element-0e2f5d1\" data-id=\"0e2f5d1\" data-element_type=\"column\" data-e-type=\"column\">\n\t\t\t<div class=\"elementor-widget-wrap elementor-element-populated\">\n\t\t\t\t\t\t<div class=\"elementor-element elementor-element-1158d72 elementor-widget elementor-widget-text-editor\" data-id=\"1158d72\" data-element_type=\"widget\" data-e-type=\"widget\" data-widget_type=\"text-editor.default\">\n\t\t\t\t<div class=\"elementor-widget-container\">\n\t\t\t\t\t\t\t\t\t<h3>Impact<\/h3><p>Le confinement a mis \u00e0 rude \u00e9preuve tous les pays membres de l\u2019Union Europ\u00e9en ainsi que notre partenariat. C\u2019est pourquoi nous sommes convaincus qu\u2019investir dans la cr\u00e9ation d\u2019un programme qui d\u00e9veloppe l\u2019esprit entrepreneurial et d\u2019un outil num\u00e9rique apportera des b\u00e9n\u00e9fices sur diff\u00e9rents niveaux et \u00e0 nos cibles. En impliquant des \u00e9tudiants dans des activit\u00e9s de formation non-formelles, on attend d\u2019eux qu\u2019ils d\u00e9veloppent une meilleure compr\u00e9hension des comp\u00e9tences transversales et qu\u2019ils acqui\u00e8rent davantage \u00ab l\u2019esprit entrepreneurial \u00bb en leur permettant de grandir en tant que citoyens europ\u00e9ens et d\u2019\u00eatre comp\u00e9titifs sur le march\u00e9 du travail. Gr\u00e2ce au soutien fourni par les technologies num\u00e9riques, les \u00e9tudiants seront mis au d\u00e9fi et devront exprimer leur potentiel cr\u00e9atif et leur capacit\u00e9 \u00e0 interagir, communiquer et mettre en valeur dans le contexte de sc\u00e9narios r\u00e9els et virtuels.<\/p>\t\t\t\t\t\t\t\t<\/div>\n\t\t\t\t<\/div>\n\t\t\t\t<div class=\"elementor-element elementor-element-6b372ad elementor-widget elementor-widget-spacer\" data-id=\"6b372ad\" data-element_type=\"widget\" data-e-type=\"widget\" data-widget_type=\"spacer.default\">\n\t\t\t\t<div class=\"elementor-widget-container\">\n\t\t\t\t\t\t\t<div class=\"elementor-spacer\">\n\t\t\t<div class=\"elementor-spacer-inner\"><\/div>\n\t\t<\/div>\n\t\t\t\t\t\t<\/div>\n\t\t\t\t<\/div>\n\t\t\t\t\t<\/div>\n\t\t<\/div>\n\t\t\t\t\t<\/div>\n\t\t<\/section>\n\t\t\t\t\t<\/div>\n\t\t<\/div>\n\t\t\t\t\t<\/div>\n\t\t<\/section>\n\t\t\t\t<section class=\"elementor-section elementor-top-section elementor-element elementor-element-1c3ffad elementor-section-boxed elementor-section-height-default elementor-section-height-default\" data-id=\"1c3ffad\" data-element_type=\"section\" data-e-type=\"section\">\n\t\t\t\t\t\t<div class=\"elementor-container elementor-column-gap-default\">\n\t\t\t\t\t<div class=\"elementor-column elementor-col-100 elementor-top-column elementor-element elementor-element-57b8b4e\" data-id=\"57b8b4e\" data-element_type=\"column\" data-e-type=\"column\">\n\t\t\t<div class=\"elementor-widget-wrap elementor-element-populated\">\n\t\t\t\t\t\t<div class=\"elementor-element elementor-element-61bb265 elementor-widget elementor-widget-spacer\" data-id=\"61bb265\" data-element_type=\"widget\" data-e-type=\"widget\" data-widget_type=\"spacer.default\">\n\t\t\t\t<div class=\"elementor-widget-container\">\n\t\t\t\t\t\t\t<div class=\"elementor-spacer\">\n\t\t\t<div class=\"elementor-spacer-inner\"><\/div>\n\t\t<\/div>\n\t\t\t\t\t\t<\/div>\n\t\t\t\t<\/div>\n\t\t\t\t\t<\/div>\n\t\t<\/div>\n\t\t\t\t\t<\/div>\n\t\t<\/section>\n\t\t\t\t<section class=\"elementor-section elementor-top-section elementor-element elementor-element-a7581e4 elementor-section-boxed elementor-section-height-default elementor-section-height-default\" data-id=\"a7581e4\" data-element_type=\"section\" data-e-type=\"section\">\n\t\t\t\t\t\t<div class=\"elementor-container elementor-column-gap-default\">\n\t\t\t\t\t<div class=\"elementor-column elementor-col-33 elementor-top-column elementor-element elementor-element-6c0a145\" data-id=\"6c0a145\" data-element_type=\"column\" data-e-type=\"column\">\n\t\t\t<div class=\"elementor-widget-wrap elementor-element-populated\">\n\t\t\t\t\t\t<div class=\"elementor-element elementor-element-c5b3561 elementor-widget elementor-widget-image\" data-id=\"c5b3561\" data-element_type=\"widget\" data-e-type=\"widget\" data-widget_type=\"image.default\">\n\t\t\t\t<div class=\"elementor-widget-container\">\n\t\t\t\t\t\t\t\t\t\t\t\t\t\t\t<img decoding=\"async\" width=\"300\" height=\"67\" src=\"https:\/\/remind-project.eu\/wp-content\/uploads\/2022\/01\/era-300x67-1.png\" class=\"attachment-large size-large wp-image-120\" alt=\"\" \/>\t\t\t\t\t\t\t\t\t\t\t\t\t\t\t<\/div>\n\t\t\t\t<\/div>\n\t\t\t\t<div class=\"elementor-element elementor-element-294fa7b elementor-widget elementor-widget-text-editor\" data-id=\"294fa7b\" data-element_type=\"widget\" data-e-type=\"widget\" data-widget_type=\"text-editor.default\">\n\t\t\t\t<div class=\"elementor-widget-container\">\n\t\t\t\t\t\t\t\t\t<p>Financ\u00e9 par l\u2019Union europ\u00e9enne. Les points de vue et avis exprim\u00e9s n\u2019engagent toutefois que leur(s) auteur(s) et ne refl\u00e8tent pas n\u00e9cessairement ceux de l\u2019Union europ\u00e9enne ou de l\u2019Agence ex\u00e9cutive europ\u00e9enne pour l\u2019\u00e9ducation et la culture (EACEA). Ni l\u2019Union europ\u00e9enne ni l\u2019EACEA ne sauraient en \u00eatre tenues pour responsables. 2021-1-NO01-KA220-VET-000033203<\/p>\t\t\t\t\t\t\t\t<\/div>\n\t\t\t\t<\/div>\n\t\t\t\t\t<\/div>\n\t\t<\/div>\n\t\t\t\t<div class=\"elementor-column elementor-col-33 elementor-top-column elementor-element elementor-element-ab3c8dc\" data-id=\"ab3c8dc\" data-element_type=\"column\" data-e-type=\"column\">\n\t\t\t<div class=\"elementor-widget-wrap\">\n\t\t\t\t\t\t\t<\/div>\n\t\t<\/div>\n\t\t\t\t<div class=\"elementor-column elementor-col-33 elementor-top-column elementor-element elementor-element-a0193f0\" data-id=\"a0193f0\" data-element_type=\"column\" data-e-type=\"column\">\n\t\t\t<div class=\"elementor-widget-wrap elementor-element-populated\">\n\t\t\t\t\t\t<div class=\"elementor-element elementor-element-58f912a elementor-widget elementor-widget-image\" data-id=\"58f912a\" data-element_type=\"widget\" data-e-type=\"widget\" data-widget_type=\"image.default\">\n\t\t\t\t<div class=\"elementor-widget-container\">\n\t\t\t\t\t\t\t\t\t\t\t\t\t\t\t\t<a href=\"http:\/\/remind-project.eu\/\">\n\t\t\t\t\t\t\t<img decoding=\"async\" width=\"101\" height=\"101\" src=\"https:\/\/remind-project.eu\/wp-content\/uploads\/2022\/01\/xxxxsmall.png\" class=\"attachment-thumbnail size-thumbnail wp-image-11\" alt=\"\" \/>\t\t\t\t\t\t\t\t<\/a>\n\t\t\t\t\t\t\t\t\t\t\t\t\t\t\t<\/div>\n\t\t\t\t<\/div>\n\t\t\t\t<div class=\"elementor-element elementor-element-b8b7128 elementor-widget elementor-widget-text-editor\" data-id=\"b8b7128\" data-element_type=\"widget\" data-e-type=\"widget\" data-widget_type=\"text-editor.default\">\n\t\t\t\t<div class=\"elementor-widget-container\">\n\t\t\t\t\t\t\t\t\t<a style=\"color: #073b4c;\" href=\"http:\/\/remind-project.eu\/index.php\/terms-of-use\/\" target=\"_blank\" rel=\"noopener\">Terms of Use<\/a>\t\t\t\t\t\t\t\t<\/div>\n\t\t\t\t<\/div>\n\t\t\t\t<div class=\"elementor-element elementor-element-158a0cb elementor-shape-circle e-grid-align-right elementor-grid-0 elementor-widget elementor-widget-social-icons\" data-id=\"158a0cb\" data-element_type=\"widget\" data-e-type=\"widget\" data-widget_type=\"social-icons.default\">\n\t\t\t\t<div class=\"elementor-widget-container\">\n\t\t\t\t\t\t\t<div class=\"elementor-social-icons-wrapper elementor-grid\" role=\"list\">\n\t\t\t\t\t\t\t<span class=\"elementor-grid-item\" role=\"listitem\">\n\t\t\t\t\t<a class=\"elementor-icon elementor-social-icon elementor-social-icon-instagram elementor-animation-grow elementor-repeater-item-3985a65\" href=\"https:\/\/www.instagram.com\/remind.project22\/\" target=\"_blank\">\n\t\t\t\t\t\t<span class=\"elementor-screen-only\">Instagram<\/span>\n\t\t\t\t\t\t<i aria-hidden=\"true\" class=\"fab fa-instagram\"><\/i>\t\t\t\t\t<\/a>\n\t\t\t\t<\/span>\n\t\t\t\t\t\t\t<span class=\"elementor-grid-item\" role=\"listitem\">\n\t\t\t\t\t<a class=\"elementor-icon elementor-social-icon elementor-social-icon-facebook elementor-animation-grow elementor-repeater-item-e5ffdf7\" href=\"https:\/\/www.facebook.com\/r.e.mind.eu\/\" target=\"_blank\">\n\t\t\t\t\t\t<span class=\"elementor-screen-only\">Facebook<\/span>\n\t\t\t\t\t\t<i aria-hidden=\"true\" class=\"fab fa-facebook\"><\/i>\t\t\t\t\t<\/a>\n\t\t\t\t<\/span>\n\t\t\t\t\t\t\t<span class=\"elementor-grid-item\" role=\"listitem\">\n\t\t\t\t\t<a class=\"elementor-icon elementor-social-icon elementor-social-icon-linkedin-in elementor-animation-grow elementor-repeater-item-bf98e96\" href=\"https:\/\/www.linkedin.com\/showcase\/82002459\/admin\/\" target=\"_blank\">\n\t\t\t\t\t\t<span class=\"elementor-screen-only\">Linkedin-in<\/span>\n\t\t\t\t\t\t<i aria-hidden=\"true\" class=\"fab fa-linkedin-in\"><\/i>\t\t\t\t\t<\/a>\n\t\t\t\t<\/span>\n\t\t\t\t\t<\/div>\n\t\t\t\t\t\t<\/div>\n\t\t\t\t<\/div>\n\t\t\t\t\t<\/div>\n\t\t<\/div>\n\t\t\t\t\t<\/div>\n\t\t<\/section>\n\t\t\t\t<section class=\"elementor-section elementor-top-section elementor-element elementor-element-755c507 elementor-section-boxed elementor-section-height-default elementor-section-height-default\" data-id=\"755c507\" data-element_type=\"section\" data-e-type=\"section\">\n\t\t\t\t\t\t<div class=\"elementor-container elementor-column-gap-default\">\n\t\t\t\t\t<div class=\"elementor-column elementor-col-100 elementor-top-column elementor-element elementor-element-e7b9d76\" data-id=\"e7b9d76\" data-element_type=\"column\" data-e-type=\"column\">\n\t\t\t<div class=\"elementor-widget-wrap elementor-element-populated\">\n\t\t\t\t\t\t<div class=\"elementor-element elementor-element-2a36677 elementor-widget-divider--view-line elementor-widget elementor-widget-divider\" data-id=\"2a36677\" data-element_type=\"widget\" data-e-type=\"widget\" data-widget_type=\"divider.default\">\n\t\t\t\t<div class=\"elementor-widget-container\">\n\t\t\t\t\t\t\t<div class=\"elementor-divider\">\n\t\t\t<span class=\"elementor-divider-separator\">\n\t\t\t\t\t\t<\/span>\n\t\t<\/div>\n\t\t\t\t\t\t<\/div>\n\t\t\t\t<\/div>\n\t\t\t\t\t<\/div>\n\t\t<\/div>\n\t\t\t\t\t<\/div>\n\t\t<\/section>\n\t\t\t\t<section class=\"elementor-section elementor-top-section elementor-element elementor-element-8c386c1 elementor-section-boxed elementor-section-height-default elementor-section-height-default\" data-id=\"8c386c1\" data-element_type=\"section\" data-e-type=\"section\">\n\t\t\t\t\t\t<div class=\"elementor-container elementor-column-gap-default\">\n\t\t\t\t\t<div class=\"elementor-column elementor-col-33 elementor-top-column elementor-element elementor-element-7bcf08b\" data-id=\"7bcf08b\" data-element_type=\"column\" data-e-type=\"column\">\n\t\t\t<div class=\"elementor-widget-wrap elementor-element-populated\">\n\t\t\t\t\t\t<div class=\"elementor-element elementor-element-1e8518f elementor-widget elementor-widget-text-editor\" data-id=\"1e8518f\" data-element_type=\"widget\" data-e-type=\"widget\" data-widget_type=\"text-editor.default\">\n\t\t\t\t<div class=\"elementor-widget-container\">\n\t\t\t\t\t\t\t\t\t<span style=\"color: #000; font-family: Poppins, sans-serif; font-size: 15px;\">Copyright \u00a9 2022 RE.Mind. All Rights Reserved<\/span>\t\t\t\t\t\t\t\t<\/div>\n\t\t\t\t<\/div>\n\t\t\t\t\t<\/div>\n\t\t<\/div>\n\t\t\t\t<div class=\"elementor-column elementor-col-33 elementor-top-column elementor-element elementor-element-c628104\" data-id=\"c628104\" data-element_type=\"column\" data-e-type=\"column\">\n\t\t\t<div class=\"elementor-widget-wrap\">\n\t\t\t\t\t\t\t<\/div>\n\t\t<\/div>\n\t\t\t\t<div class=\"elementor-column elementor-col-33 elementor-top-column elementor-element elementor-element-80cabeb\" data-id=\"80cabeb\" data-element_type=\"column\" data-e-type=\"column\">\n\t\t\t<div class=\"elementor-widget-wrap elementor-element-populated\">\n\t\t\t\t\t\t<div class=\"elementor-element elementor-element-e245dd4 elementor-widget elementor-widget-text-editor\" data-id=\"e245dd4\" data-element_type=\"widget\" data-e-type=\"widget\" data-widget_type=\"text-editor.default\">\n\t\t\t\t<div class=\"elementor-widget-container\">\n\t\t\t\t\t\t\t\t\t<span style=\"color: #000; font-family: Poppins, sans-serif; font-size: 15px; text-align: right;\">Powered by\u00a0<\/span><a style=\"color: #000; background-color: #ffffff; font-family: Poppins, sans-serif; font-size: 15px; text-align: right;\" href=\"https:\/\/innovationhive.eu\/\" target=\"_blank\" rel=\"noopener\">Innovation Hive<\/a>\t\t\t\t\t\t\t\t<\/div>\n\t\t\t\t<\/div>\n\t\t\t\t\t<\/div>\n\t\t<\/div>\n\t\t\t\t\t<\/div>\n\t\t<\/section>\n\t\t\t\t<\/div>\n\t\t","protected":false},"excerpt":{"rendered":"<p>Projet Project Description L\u2019 \u00ab \u00e9conomie sociale et solidaire \u00bb joue un r\u00f4le important dans la gestion et l\u2019att\u00e9nuation des [&hellip;]<\/p>\n","protected":false},"author":1,"featured_media":0,"parent":0,"menu_order":0,"comment_status":"closed","ping_status":"closed","template":"page-templates\/template_page-builder.php","meta":{"_monsterinsights_skip_tracking":false,"_monsterinsights_sitenote_active":false,"_monsterinsights_sitenote_note":"","_monsterinsights_sitenote_category":0,"_uf_show_specific_survey":0,"_uf_disable_surveys":false,"footnotes":""},"class_list":["post-540","page","type-page","status-publish","hentry"],"aioseo_notices":[],"_links":{"self":[{"href":"https:\/\/remind-project.eu\/index.php\/wp-json\/wp\/v2\/pages\/540","targetHints":{"allow":["GET"]}}],"collection":[{"href":"https:\/\/remind-project.eu\/index.php\/wp-json\/wp\/v2\/pages"}],"about":[{"href":"https:\/\/remind-project.eu\/index.php\/wp-json\/wp\/v2\/types\/page"}],"author":[{"embeddable":true,"href":"https:\/\/remind-project.eu\/index.php\/wp-json\/wp\/v2\/users\/1"}],"replies":[{"embeddable":true,"href":"https:\/\/remind-project.eu\/index.php\/wp-json\/wp\/v2\/comments?post=540"}],"version-history":[{"count":10,"href":"https:\/\/remind-project.eu\/index.php\/wp-json\/wp\/v2\/pages\/540\/revisions"}],"predecessor-version":[{"id":1518,"href":"https:\/\/remind-project.eu\/index.php\/wp-json\/wp\/v2\/pages\/540\/revisions\/1518"}],"wp:attachment":[{"href":"https:\/\/remind-project.eu\/index.php\/wp-json\/wp\/v2\/media?parent=540"}],"curies":[{"name":"wp","href":"https:\/\/api.w.org\/{rel}","templated":true}]}}